{"id":4357,"date":"2020-11-16T14:44:34","date_gmt":"2020-11-16T14:44:34","guid":{"rendered":"https:\/\/glaszwerg.com\/?page_id=4357"},"modified":"2025-02-12T11:15:27","modified_gmt":"2025-02-12T11:15:27","slug":"der-glaszwerg-bei-monis-herzstueckl","status":"publish","type":"page","link":"https:\/\/glaszwerg.com\/?page_id=4357","title":{"rendered":"Glaszwerg bei Sweets &amp; Balloons"},"content":{"rendered":"\n<p>Seit 10. Januar 2025 hat das charmante Gesch\u00e4ft &#8222;Sweets &amp; Balloons&#8220; von Marina Haan-Hallmann seine neuen R\u00e4umlichkeiten in der Bahnhofstra\u00dfe 4 in Sittensen er\u00f6ffnet. <\/p>\n\n\n\n<p>In dem gro\u00dfz\u00fcgigen Laden an der gro\u00dfen Ampelkreuzung am Ortseingang von Sittensen hat viel Platz f\u00fcr Lufballons und kleine Leckereien. Immer wenn ich da bin, muss ich mir einfach eine kleine T\u00fcte mit Leckereien zusammen stellen!<\/p>\n\n\n\n<p>Gleich beim Betreten des Ladens seht ihr ein gro\u00dfes Regal mit vielen bunten Kreationen von kreativen K\u00f6pfen. Auch der Glaszwerg ist mit dabei &#8211; aber es wird noch viel besser! Es gibt direkt hinter dem Regal einen sch\u00f6nen Workshop-Bereich. Dort finden regelm\u00e4\u00dfig Kreativangebote statt: Floristik-Workshops, Cocktail-Zauber-Abende, Kreative Projekte wie Keramik bemalen, personalisierte Fu\u00dfmatten gestalten oder hyggelige Homedeko kreieren mit Marina UND Glasperlen-Herstellen mit dem Glaszwerg!<\/p>\n\n\n\n<p>Wenn ihr daran interessiert seid, meldet euch bitte bei Marina direkt unter +49 1522 8023857  oder 04282 8016201und fragt nach den n\u00e4chsten Terminen und den Konditionen nach.<\/p>\n\n\n\n<p><strong>Die \u00d6ffnungszeiten sind:<\/strong><br>Montag 14 bis 18 Uhr<br>Dienstag \/ Donnerstag \/ Freitag 10 bis 13 Uhr und 14 bis 18 Uhr<br>Mittwoch geschlossen<br>Samstag 9 bis 13 Uhr<\/p>\n\n\n\n<figure class=\"wp-block-image size-full\"><img loading=\"lazy\" decoding=\"async\" width=\"734\" height=\"729\" src=\"https:\/\/glaszwerg.com\/wp-content\/uploads\/2025\/02\/Bild-Sweets-and-Balloons.jpg\" alt=\"\" class=\"wp-image-6092\" srcset=\"https:\/\/glaszwerg.com\/wp-content\/uploads\/2025\/02\/Bild-Sweets-and-Balloons.jpg 734w, https:\/\/glaszwerg.com\/wp-content\/uploads\/2025\/02\/Bild-Sweets-and-Balloons-300x298.jpg 300w, https:\/\/glaszwerg.com\/wp-content\/uploads\/2025\/02\/Bild-Sweets-and-Balloons-150x150.jpg 150w, https:\/\/glaszwerg.com\/wp-content\/uploads\/2025\/02\/Bild-Sweets-and-Balloons-600x596.jpg 600w, https:\/\/glaszwerg.com\/wp-content\/uploads\/2025\/02\/Bild-Sweets-and-Balloons-100x100.jpg 100w, https:\/\/glaszwerg.com\/wp-content\/uploads\/2025\/02\/Bild-Sweets-and-Balloons-60x60.jpg 60w, https:\/\/glaszwerg.com\/wp-content\/uploads\/2025\/02\/Bild-Sweets-and-Balloons-91x90.jpg 91w\" sizes=\"auto, (max-width: 734px) 100vw, 734px\" \/><\/figure>\n","protected":false},"excerpt":{"rendered":"<p>Seit 10. Januar 2025 hat das charmante Gesch\u00e4ft &#8222;Sweets &amp; Balloons&#8220; von Marina Haan-Hallmann seine neuen R\u00e4umlichkeiten in der Bahnhofstra\u00dfe<\/p>\n","protected":false},"author":1,"featured_media":6093,"parent":0,"menu_order":0,"comment_status":"closed","ping_status":"closed","template":"","meta":{"_exactmetrics_skip_tracking":false,"_exactmetrics_sitenote_active":false,"_exactmetrics_sitenote_note":"","_exactmetrics_sitenote_category":0,"footnotes":""},"class_list":["post-4357","page","type-page","status-publish","has-post-thumbnail","hentry","comments-off"],"jetpack_sharing_enabled":true,"_links":{"self":[{"href":"https:\/\/glaszwerg.com\/index.php?rest_route=\/wp\/v2\/pages\/4357","targetHints":{"allow":["GET"]}}],"collection":[{"href":"https:\/\/glaszwerg.com\/index.php?rest_route=\/wp\/v2\/pages"}],"about":[{"href":"https:\/\/glaszwerg.com\/index.php?rest_route=\/wp\/v2\/types\/page"}],"author":[{"embeddable":true,"href":"https:\/\/glaszwerg.com\/index.php?rest_route=\/wp\/v2\/users\/1"}],"replies":[{"embeddable":true,"href":"https:\/\/glaszwerg.com\/index.php?rest_route=%2Fwp%2Fv2%2Fcomments&post=4357"}],"version-history":[{"count":4,"href":"https:\/\/glaszwerg.com\/index.php?rest_route=\/wp\/v2\/pages\/4357\/revisions"}],"predecessor-version":[{"id":6094,"href":"https:\/\/glaszwerg.com\/index.php?rest_route=\/wp\/v2\/pages\/4357\/revisions\/6094"}],"wp:featuredmedia":[{"embeddable":true,"href":"https:\/\/glaszwerg.com\/index.php?rest_route=\/wp\/v2\/media\/6093"}],"wp:attachment":[{"href":"https:\/\/glaszwerg.com\/index.php?rest_route=%2Fwp%2Fv2%2Fmedia&parent=4357"}],"curies":[{"name":"wp","href":"https:\/\/api.w.org\/{rel}","templated":true}]}}