{"id":440,"date":"2019-12-14T21:50:38","date_gmt":"2019-12-14T21:50:38","guid":{"rendered":"https:\/\/glaszwerg.com\/?page_id=440"},"modified":"2025-01-05T14:13:46","modified_gmt":"2025-01-05T14:13:46","slug":"versandarten","status":"publish","type":"page","link":"https:\/\/glaszwerg.com\/?page_id=440","title":{"rendered":"Versandarten"},"content":{"rendered":"\n<h2 class=\"wp-block-heading\"><strong>Allgemeine Informationen zum Versand:<\/strong><\/h2>\n\n\n\n<p>Die Lieferung erfolgt nur gegen Vorauskasse oder PayPal. <br> <br>Ich versende jede Bestellung immer gut verpackt per Einwurfeinschreiben. Daf\u00fcr erhebe ich eine Kostenpauschale von \u20ac 6,19 (bis zu 2 kg). DHL hat die Preise ab 01.01.2025 empfindlich erh\u00f6ht. Wenn ihr es ausdr\u00fccklich w\u00fcnscht, kann ich euch auch den Versand per Hermes anbieten. Ich habe es aber weiter zum Hermes-Shop und werde dies sicherlich nicht so schnell schaffen, wie zur Post. Sagt mir in Eurer Bestellung im Kommentarfeld bitte Bescheid, wenn es nicht DHL sein soll. Kosten werden dann zur\u00fcck erstattet, selbstredend.<\/p>\n\n\n\n<h2 class=\"wp-block-heading\"><strong>Spezielle Hinweise zum Versand ins Ausland:<\/strong><\/h2>\n\n\n\n<p>Derzeit ist kein Versand ins Ausland m\u00f6glich. Die Bestimmungen sind einfach zu kompliziert geworden, z.B. m\u00fcsste ich dann in \u00d6sterreich eine Steuererkl\u00e4rung abgeben, dies muss von einer Dritten Person mit verwaltet werden, Verpackungslizenzgeb\u00fchren fallen auch in \u00d6sterreich an &#8211; alles megakompliziert und diese Bestimmungen gelten f\u00fcr jedes EU-Land und auch die Schweiz immer wieder anders. <\/p>\n\n\n\n<p>Ich hoffe, ich kann euch in \u00d6sterreich bald wieder ein Gesch\u00e4ft anbieten, wo meine Perlen in echt und 3D liegen und verkauft werden k\u00f6nnen &#8211; ich halte euch dazu auf dem Laufenden. Ihr k\u00f6nnt mich gerne per Email kontaktieren und nachfragen. Email einfach an <a href=\"mailto:glaszwerg@web.de\">glaszwerg@web.de<\/a> senden.<\/p>\n\n\n\n<p><\/p>\n","protected":false},"excerpt":{"rendered":"<p>Allgemeine Informationen zum Versand: Die Lieferung erfolgt nur gegen Vorauskasse oder PayPal. Ich versende jede Bestellung immer gut verpackt per<\/p>\n","protected":false},"author":1,"featured_media":0,"parent":0,"menu_order":0,"comment_status":"closed","ping_status":"closed","template":"","meta":{"_exactmetrics_skip_tracking":false,"_exactmetrics_sitenote_active":false,"_exactmetrics_sitenote_note":"","_exactmetrics_sitenote_category":0,"footnotes":""},"class_list":["post-440","page","type-page","status-publish","hentry","comments-off"],"jetpack_sharing_enabled":true,"_links":{"self":[{"href":"https:\/\/glaszwerg.com\/index.php?rest_route=\/wp\/v2\/pages\/440","targetHints":{"allow":["GET"]}}],"collection":[{"href":"https:\/\/glaszwerg.com\/index.php?rest_route=\/wp\/v2\/pages"}],"about":[{"href":"https:\/\/glaszwerg.com\/index.php?rest_route=\/wp\/v2\/types\/page"}],"author":[{"embeddable":true,"href":"https:\/\/glaszwerg.com\/index.php?rest_route=\/wp\/v2\/users\/1"}],"replies":[{"embeddable":true,"href":"https:\/\/glaszwerg.com\/index.php?rest_route=%2Fwp%2Fv2%2Fcomments&post=440"}],"version-history":[{"count":2,"href":"https:\/\/glaszwerg.com\/index.php?rest_route=\/wp\/v2\/pages\/440\/revisions"}],"predecessor-version":[{"id":6054,"href":"https:\/\/glaszwerg.com\/index.php?rest_route=\/wp\/v2\/pages\/440\/revisions\/6054"}],"wp:attachment":[{"href":"https:\/\/glaszwerg.com\/index.php?rest_route=%2Fwp%2Fv2%2Fmedia&parent=440"}],"curies":[{"name":"wp","href":"https:\/\/api.w.org\/{rel}","templated":true}]}}