{"id":52,"date":"2019-07-06T19:01:31","date_gmt":"2019-07-06T19:01:31","guid":{"rendered":"http:\/\/glaszwerg.com\/?page_id=52"},"modified":"2019-07-15T16:40:35","modified_gmt":"2019-07-15T16:40:35","slug":"52-2","status":"publish","type":"page","link":"https:\/\/glaszwerg.com\/?page_id=52","title":{"rendered":"Impressum"},"content":{"rendered":"\n<div class=\"wp-block-cover has-background-dim\" style=\"background-image:url(https:\/\/glaszwerg.com\/wp-content\/uploads\/2019\/07\/Impressum-Bild.jpg)\"><div class=\"wp-block-cover__inner-container is-layout-flow wp-block-cover-is-layout-flow\">\n<p style=\"text-align:center\" class=\"has-text-color has-large-font-size has-white-color\">Impressum<\/p>\n<\/div><\/div>\n\n\n\n<p><\/p>\n\n\n\n<p>Doris Stumpf-Hinte<br>\nHeilshorner Str. 22<br>\n28790 Schwanewede<br>\nTelefon: 0175\/8727925<\/p>\n\n\n\n<p>Email: glaszwerg@web.de<br>\nShop &amp; Blog: www.glaszwerg.net<\/p>\n\n\n\n<p>Inhaltlich Verantwortlicher gem\u00e4\u00df \u00a7 55 Abs. 2 RStV: Doris Stumpf_Hinte (Anschrift wie oben)<br> Haftungshinweis: Trotz sorgf\u00e4ltiger inhaltlicher Kontrolle \u00fcbernehme ich keine Haftung f\u00fcr die Inhalte externer Links. F\u00fcr den Inhalt der verlinkten Seiten sind ausschlie\u00dflich deren Betreiber verantwortlich.<\/p>\n\n\n\n<p>Ich verwende Ihre Bestandsdaten ausschlie\u00dflich zur Abwicklung der Bestellung. Sie haben jederzeit ein Recht auf kostenlose Auskunft, Berichtigung, Sperrung und L\u00f6schung Ihrer gespeicherten Daten. Ich gebe Ihre Personenbezogenen Daten einschlie\u00dflich Ihrer Haus-Adresse und E-Mail-Adresse generell nicht an Dritte weiter. Ausgenommen hiervon sind ggf. meine Dienstleistungspartner, die zur Bestellabwicklung die \u00dcbermittlung von Daten ben\u00f6tigen (z.B. das mit der Lieferung beauftragte Versandunternehmen und das mit der Zahlungsabwicklung beauftragte Kreditinstitut). In diesen F\u00e4llen beschr\u00e4nkt sich der Umfang der \u00fcbermittelten Daten jedoch nur auf das erforderliche Minimum. <\/p>\n\n\n\n<p>Der Glaszwerg, Doris Stumpf-Hinte, ist bereit, an Streitbeilegungsverfahren bei einer Verbraucherschlichtungsstelle teilzunehmen. Die Europ\u00e4ische Kommission stellt eine Plattform zur Online-Streitbeilegung (OS) bereit, die Sie als Verbraucher unter http:\/\/ec.europa.eu\/consumers\/odr\/ finden. Verbraucher k\u00f6nnen diese Plattform f\u00fcr die Beilegung ihrer Streitigkeiten nutzen.<\/p>\n","protected":false},"excerpt":{"rendered":"<p>Doris Stumpf-Hinte Heilshorner Str. 22 28790 Schwanewede Telefon: 0175\/8727925 Email: glaszwerg@web.de Shop &amp; Blog: www.glaszwerg.net Inhaltlich Verantwortlicher gem\u00e4\u00df \u00a7 55<\/p>\n","protected":false},"author":1,"featured_media":0,"parent":0,"menu_order":0,"comment_status":"closed","ping_status":"closed","template":"","meta":{"_exactmetrics_skip_tracking":false,"_exactmetrics_sitenote_active":false,"_exactmetrics_sitenote_note":"","_exactmetrics_sitenote_category":0,"footnotes":""},"class_list":["post-52","page","type-page","status-publish","hentry","comments-off"],"jetpack_sharing_enabled":true,"_links":{"self":[{"href":"https:\/\/glaszwerg.com\/index.php?rest_route=\/wp\/v2\/pages\/52","targetHints":{"allow":["GET"]}}],"collection":[{"href":"https:\/\/glaszwerg.com\/index.php?rest_route=\/wp\/v2\/pages"}],"about":[{"href":"https:\/\/glaszwerg.com\/index.php?rest_route=\/wp\/v2\/types\/page"}],"author":[{"embeddable":true,"href":"https:\/\/glaszwerg.com\/index.php?rest_route=\/wp\/v2\/users\/1"}],"replies":[{"embeddable":true,"href":"https:\/\/glaszwerg.com\/index.php?rest_route=%2Fwp%2Fv2%2Fcomments&post=52"}],"version-history":[{"count":3,"href":"https:\/\/glaszwerg.com\/index.php?rest_route=\/wp\/v2\/pages\/52\/revisions"}],"predecessor-version":[{"id":76,"href":"https:\/\/glaszwerg.com\/index.php?rest_route=\/wp\/v2\/pages\/52\/revisions\/76"}],"wp:attachment":[{"href":"https:\/\/glaszwerg.com\/index.php?rest_route=%2Fwp%2Fv2%2Fmedia&parent=52"}],"curies":[{"name":"wp","href":"https:\/\/api.w.org\/{rel}","templated":true}]}}