{"id":6095,"date":"2025-02-12T11:46:31","date_gmt":"2025-02-12T11:46:31","guid":{"rendered":"https:\/\/glaszwerg.com\/?page_id=6095"},"modified":"2025-02-12T11:46:32","modified_gmt":"2025-02-12T11:46:32","slug":"sicherheitshinweise","status":"publish","type":"page","link":"https:\/\/glaszwerg.com\/?page_id=6095","title":{"rendered":"Sicherheitshinweise"},"content":{"rendered":"\n<p><strong>Reise einer Glasperle<\/strong><\/p>\n\n\n\n<p>Hallo, ich werde deine neue Glasperle sein. Ich wurde mit viel Liebe und Feuer im Glaszwergenreich geboren. Der Glaszwerg hat mich geformt, zum Leuchten gebracht und mich vorsichtig abk\u00fchlen lassen. Jetzt darf ich zu dir reisen \u2013 und ich freue mich sehr darauf!<\/p>\n\n\n\n<p>Damit ich dir lange Freude bereite, habe ich ein paar W\u00fcnsche:<\/p>\n\n\n\n<p>&#x1f525; Ich habe keine Angst vor Feuer, aber direkte Hitze kann mich springen lassen. Bitte halte mich von hei\u00dfen Flammen fern.<br>&#x1f4a5; Ich bin zwar stark, aber nicht unzerst\u00f6rbar. Wenn ich auf den Boden falle, kann ich zerbrechen. Und wenn ich kaputt bin, k\u00f6nnen meine Splitter scharf sein. Bitte sei vorsichtig!<br>&#x1f476; Kleine Kinder sollten mich nicht in die H\u00e4nde oder den Mund bekommen \u2013 ich k\u00f6nnte zur Gefahr werden.<br>&#x1f48e; Auch beim Tragen als Schmuck solltest du auf mich Acht geben \u2013 wenn ich gegen harte Oberfl\u00e4chen sto\u00dfe, kann ich besch\u00e4digt werden oder brechen.<br>&#x1f4a6; Wenn du mich reinigen m\u00f6chtest, benutze nur ein weiches Tuch und etwas Wasser. Chemikalien mag ich gar nicht, sie k\u00f6nnen mir schaden.<br>&#x1f321;&#xfe0f; Bitte lege mich nicht in sehr hei\u00dfes Wasser, sonst kann ich innen Risse bekommen.<br>&#x1f45c; Wenn ich als Schmuck bei dir wohne, freue ich mich \u00fcber ein kuscheliges Zuhause \u2013 ein weicher Beutel ist perfekt f\u00fcr mich.<\/p>\n\n\n\n<p>Ich bin einzigartig, handgemacht und mit Liebe entstanden. Danke, dass du mich zu dir holen willst!<\/p>\n","protected":false},"excerpt":{"rendered":"<p>Reise einer Glasperle Hallo, ich werde deine neue Glasperle sein. Ich wurde mit viel Liebe und Feuer im Glaszwergenreich geboren.<\/p>\n","protected":false},"author":1,"featured_media":6096,"parent":0,"menu_order":0,"comment_status":"closed","ping_status":"closed","template":"","meta":{"_exactmetrics_skip_tracking":false,"_exactmetrics_sitenote_active":false,"_exactmetrics_sitenote_note":"","_exactmetrics_sitenote_category":0,"footnotes":""},"class_list":["post-6095","page","type-page","status-publish","has-post-thumbnail","hentry","comments-off"],"jetpack_sharing_enabled":true,"_links":{"self":[{"href":"https:\/\/glaszwerg.com\/index.php?rest_route=\/wp\/v2\/pages\/6095","targetHints":{"allow":["GET"]}}],"collection":[{"href":"https:\/\/glaszwerg.com\/index.php?rest_route=\/wp\/v2\/pages"}],"about":[{"href":"https:\/\/glaszwerg.com\/index.php?rest_route=\/wp\/v2\/types\/page"}],"author":[{"embeddable":true,"href":"https:\/\/glaszwerg.com\/index.php?rest_route=\/wp\/v2\/users\/1"}],"replies":[{"embeddable":true,"href":"https:\/\/glaszwerg.com\/index.php?rest_route=%2Fwp%2Fv2%2Fcomments&post=6095"}],"version-history":[{"count":1,"href":"https:\/\/glaszwerg.com\/index.php?rest_route=\/wp\/v2\/pages\/6095\/revisions"}],"predecessor-version":[{"id":6100,"href":"https:\/\/glaszwerg.com\/index.php?rest_route=\/wp\/v2\/pages\/6095\/revisions\/6100"}],"wp:featuredmedia":[{"embeddable":true,"href":"https:\/\/glaszwerg.com\/index.php?rest_route=\/wp\/v2\/media\/6096"}],"wp:attachment":[{"href":"https:\/\/glaszwerg.com\/index.php?rest_route=%2Fwp%2Fv2%2Fmedia&parent=6095"}],"curies":[{"name":"wp","href":"https:\/\/api.w.org\/{rel}","templated":true}]}}