{"id":6113,"date":"2025-02-12T12:13:51","date_gmt":"2025-02-12T12:13:51","guid":{"rendered":"https:\/\/glaszwerg.com\/?page_id=6113"},"modified":"2025-02-12T12:22:48","modified_gmt":"2025-02-12T12:22:48","slug":"neuigkeiten","status":"publish","type":"page","link":"https:\/\/glaszwerg.com\/?page_id=6113","title":{"rendered":"Neuigkeiten"},"content":{"rendered":"\n<p>Ich bem\u00fche mich sehr, euch immer alle Neuigkeiten aus dem Glaszwergenreich hier auch in Schrift und Bild zu liefern. Ich gestehe ein, das klappt nicht immer tagesaktuell. Die Bedienung \u00fcber instagram und facebook ist einfach schneller. Aber vor allem \u00fcber Markttermine und Locations halte ich euch hier auf dem neuesten Stand. Viel Spa\u00df beim Lesen &#8211; und bitte traut euch, auch einen Kommentar zu hinterlassen. Das w\u00fcrde mich sehr freuen!<\/p>\n\n\n\n<p>Viel Spa\u00df beim <a href=\"https:\/\/glaszwerg.com\/\">Lesen <\/a>und <a href=\"https:\/\/glaszwerg.com\/?page_id=844\" data-type=\"page\" data-id=\"844\">St\u00f6bern<\/a><\/p>\n\n\n\n<p><\/p>\n","protected":false},"excerpt":{"rendered":"<p>Ich bem\u00fche mich sehr, euch immer alle Neuigkeiten aus dem Glaszwergenreich hier auch in Schrift und Bild zu liefern. Ich<\/p>\n","protected":false},"author":1,"featured_media":6056,"parent":0,"menu_order":0,"comment_status":"closed","ping_status":"closed","template":"","meta":{"_exactmetrics_skip_tracking":false,"_exactmetrics_sitenote_active":false,"_exactmetrics_sitenote_note":"","_exactmetrics_sitenote_category":0,"footnotes":""},"class_list":["post-6113","page","type-page","status-publish","has-post-thumbnail","hentry","comments-off"],"jetpack_sharing_enabled":true,"_links":{"self":[{"href":"https:\/\/glaszwerg.com\/index.php?rest_route=\/wp\/v2\/pages\/6113","targetHints":{"allow":["GET"]}}],"collection":[{"href":"https:\/\/glaszwerg.com\/index.php?rest_route=\/wp\/v2\/pages"}],"about":[{"href":"https:\/\/glaszwerg.com\/index.php?rest_route=\/wp\/v2\/types\/page"}],"author":[{"embeddable":true,"href":"https:\/\/glaszwerg.com\/index.php?rest_route=\/wp\/v2\/users\/1"}],"replies":[{"embeddable":true,"href":"https:\/\/glaszwerg.com\/index.php?rest_route=%2Fwp%2Fv2%2Fcomments&post=6113"}],"version-history":[{"count":2,"href":"https:\/\/glaszwerg.com\/index.php?rest_route=\/wp\/v2\/pages\/6113\/revisions"}],"predecessor-version":[{"id":6121,"href":"https:\/\/glaszwerg.com\/index.php?rest_route=\/wp\/v2\/pages\/6113\/revisions\/6121"}],"wp:featuredmedia":[{"embeddable":true,"href":"https:\/\/glaszwerg.com\/index.php?rest_route=\/wp\/v2\/media\/6056"}],"wp:attachment":[{"href":"https:\/\/glaszwerg.com\/index.php?rest_route=%2Fwp%2Fv2%2Fmedia&parent=6113"}],"curies":[{"name":"wp","href":"https:\/\/api.w.org\/{rel}","templated":true}]}}