{"id":835,"date":"2019-12-29T17:22:15","date_gmt":"2019-12-29T17:22:15","guid":{"rendered":"https:\/\/glaszwerg.com\/?page_id=835"},"modified":"2025-02-12T10:44:49","modified_gmt":"2025-02-12T10:44:49","slug":"ueber-mich","status":"publish","type":"page","link":"https:\/\/glaszwerg.com\/?page_id=835","title":{"rendered":"\u00dcber mich"},"content":{"rendered":"\n<p>Vom Glasvirus eindeutig befallen &#8211; anders kann ich es nicht formulieren. Nun ist es schon gut15 Jahre her, dass ich zuf\u00e4llig im Internet entdeckte, dass man Glasperlen auch &#8222;einfach so&#8220; selbst herstellen kann. DAS musste ich probieren und nun habe ich xy an Glas in meinem Glaszwergenreich, das darauf wartet, in kleine feine BunteGuteLaunePerlen verarbeitet zu werden &#8211; und trotzdem ist nie nie nie die richtige Glasfarbe zu Hause. Ich verwende italienisches Glas aus Murano aber auch deutsches Glas aus Lauscha und Reichenbach.<\/p>\n\n\n\n<p>Die Herstellung von Glasperlen ist spannend &#8211; vom Anfang bis zum Ende. Das Glas schmelzen zu lassen, die Kombination der verschiedenen Glasfarben und das Formen zu Figuren oder Tieren &#8211; und dann wenn nach mehreren Stunden im Temper-Ofen die Perle vom Dorn abgezogen werden kann &#8211; erst DANN ist klar, ob die Farben und Formen auch wirklich alle so geworden sind, wie vorgestellt. Die Pause im Ofen ist wichtig, denn durch das kontrollierte Abk\u00fchlen werden die Glasperlen und -figuren noch stabiler.<\/p>\n\n\n\n<p>Es ist f\u00fcr mich auch nach vielen Jahren immer noch eine Herzensangelegenheit, anderen Menschen mit meinen BuntenGuteLaunePerlen eine gro\u00dfe Freude zu machen. Daher gibt es immer das gesamte Glaszwergen-Programm, soll hei\u00dfen: Individualisierter Karton f\u00fcr die Sendung, immer ein kleines Goodie, liebevolle Verpackung, selbstbestempelte Verpackungen &#8211; alles zusammen soll Freude bereiten. <\/p>\n\n\n\n<p>Viele Glasperlen schaffen es gar nicht in den Online-Shop. Sie sind zu speziell und es gibt oft nur ganz wenige St\u00fcck davon. Daher schreibt mich einfach per Email an <a href=\"mailto:glaszwerg@web.de\">glaszwerg@web.de<\/a> an, wenn dir eine Glasperle aus dem Blog gef\u00e4llt und du sie nicht im Shop entdecken kannst.<\/p>\n\n\n\n<p>Bei Sonderw\u00fcnschen einfach eine Email an <a href=\"mailto:glaszwerg@web.de\">glaszwerg@web.de<\/a> senden und ich versuche ganz unverbindlich, Ihre W\u00fcnsche wahr zu machen!<\/p>\n\n\n\n<p><\/p>\n","protected":false},"excerpt":{"rendered":"<p>Vom Glasvirus eindeutig befallen &#8211; anders kann ich es nicht formulieren. Nun ist es schon gut15 Jahre her, dass ich<\/p>\n","protected":false},"author":1,"featured_media":4165,"parent":0,"menu_order":0,"comment_status":"closed","ping_status":"closed","template":"","meta":{"_exactmetrics_skip_tracking":false,"_exactmetrics_sitenote_active":false,"_exactmetrics_sitenote_note":"","_exactmetrics_sitenote_category":0,"footnotes":""},"class_list":["post-835","page","type-page","status-publish","has-post-thumbnail","hentry","comments-off"],"jetpack_sharing_enabled":true,"_links":{"self":[{"href":"https:\/\/glaszwerg.com\/index.php?rest_route=\/wp\/v2\/pages\/835","targetHints":{"allow":["GET"]}}],"collection":[{"href":"https:\/\/glaszwerg.com\/index.php?rest_route=\/wp\/v2\/pages"}],"about":[{"href":"https:\/\/glaszwerg.com\/index.php?rest_route=\/wp\/v2\/types\/page"}],"author":[{"embeddable":true,"href":"https:\/\/glaszwerg.com\/index.php?rest_route=\/wp\/v2\/users\/1"}],"replies":[{"embeddable":true,"href":"https:\/\/glaszwerg.com\/index.php?rest_route=%2Fwp%2Fv2%2Fcomments&post=835"}],"version-history":[{"count":3,"href":"https:\/\/glaszwerg.com\/index.php?rest_route=\/wp\/v2\/pages\/835\/revisions"}],"predecessor-version":[{"id":6089,"href":"https:\/\/glaszwerg.com\/index.php?rest_route=\/wp\/v2\/pages\/835\/revisions\/6089"}],"wp:featuredmedia":[{"embeddable":true,"href":"https:\/\/glaszwerg.com\/index.php?rest_route=\/wp\/v2\/media\/4165"}],"wp:attachment":[{"href":"https:\/\/glaszwerg.com\/index.php?rest_route=%2Fwp%2Fv2%2Fmedia&parent=835"}],"curies":[{"name":"wp","href":"https:\/\/api.w.org\/{rel}","templated":true}]}}