{"id":1022,"date":"2020-01-03T14:32:18","date_gmt":"2020-01-03T14:32:18","guid":{"rendered":"https:\/\/glaszwerg.com\/?post_type=product&#038;p=1022"},"modified":"2025-02-12T21:50:31","modified_gmt":"2025-02-12T21:50:31","slug":"fliegenpilz","status":"publish","type":"product","link":"https:\/\/glaszwerg.com\/?product=fliegenpilz","title":{"rendered":"Fliegenpilz"},"content":{"rendered":"<p>Kleine Fliegenpilze d\u00fcrfen beim Glaszwerg nicht mehr fehlen! Perfekt, um damit eigene kreative Sch\u00e4tze damit zu best\u00fccken, z. B. als Anh\u00e4nger f\u00fcr gen\u00e4hte T\u00e4schchen oder einfach als Gl\u00fccksbringer. Passt auch gut an den Zipp der Lieblingsjacke, an einen Schulranzen oder an den Innenspiegel vom Auto als kleiner Gl\u00fccksbringer f\u00fcr das neue Auto.<\/p>\n<p>Jeder Fliegenpilz ist handgefertigt, ich verwende haupts\u00e4chlich Gl\u00e4ser aus Italien und Deutschland, jeder Pilz wird im Ofen getempert und somit werden die Spannungen innerhalb der Glasfigur reduziert und die Haltbarkeit erh\u00f6ht.<\/p>\n<p>Die Fliegenpilze sind aber auch in anderen Farben erh\u00e4ltlich! Ich erf\u00fclle gerne Ihre individuellen Farbw\u00fcnsche. Als Standard wird der Fliegenpilz mit rotem Hut und Karabiner ausgeliefert. Falls hier ein gr\u00f6\u00dferer Karabiner als 11 mm gew\u00fcnscht wird, bitte ebenfalls eine kurze Nachricht an mich.<\/p>\n<p>Anmerkung gem. Produktsicherheitsverordnung:<br \/>\nIch fertige jede Glasperle in meinem Atelier selbst. Daf\u00fcr verwende ich italienisches Glas aus Murano und auch deutsches Weichglas aus Lauscha und Reichenbach. Jede Glasperle ist ein Unikat, keine gleicht der anderen, es ist alles Handarbeit. Wenn die Glasperle am Brenner fertig geformt ist, entspannt sie sich im Temperofen. Dadurch verl\u00e4ngert sich die Lebenszeit der Glasperle erheblich. Jede Glasperle wird vor dem Versand im Perlenkanal ges\u00e4ubert und dann weiterverarbeitet. Perlen f\u00fcr Anh\u00e4nger werden immer mit Edelstahlstiften und -Karabiner versehen. Blumenstecker-Perlen sind immer auf Edelstahlst\u00e4ben gearbeitet. Einige Anh\u00e4nger werden mit Papiertag ausgeliefert. Diese fertige ich ebenfalls alle selbst zu Hause im Glaszwergenreich. Bei weiteren Fragen schickt mir gerne eine Email an <a href=\"mailto:glaszwerg@web.de\">glaszwerg@web.de<\/a> .<\/p>\n","protected":false},"excerpt":{"rendered":"<p>Kleine Fliegenpilze d\u00fcrfen beim Glaszwerg nicht mehr fehlen! Perfekt, um damit eigene kreative Sch\u00e4tze damit zu best\u00fccken, z. B. als<\/p>\n","protected":false},"featured_media":1020,"comment_status":"open","ping_status":"closed","template":"","meta":{"_exactmetrics_skip_tracking":false,"_exactmetrics_sitenote_active":false,"_exactmetrics_sitenote_note":"","_exactmetrics_sitenote_category":0},"product_brand":[],"product_cat":[249],"product_tag":[248,250],"class_list":{"0":"post-1022","1":"product","2":"type-product","3":"status-publish","4":"has-post-thumbnail","6":"product_cat-fliegenpilz","7":"product_tag-fliegenpilz","8":"product_tag-flieppi","10":"first","11":"instock","12":"shipping-taxable","13":"purchasable","14":"product-type-simple"},"jetpack_sharing_enabled":true,"_links":{"self":[{"href":"https:\/\/glaszwerg.com\/index.php?rest_route=\/wp\/v2\/product\/1022","targetHints":{"allow":["GET"]}}],"collection":[{"href":"https:\/\/glaszwerg.com\/index.php?rest_route=\/wp\/v2\/product"}],"about":[{"href":"https:\/\/glaszwerg.com\/index.php?rest_route=\/wp\/v2\/types\/product"}],"replies":[{"embeddable":true,"href":"https:\/\/glaszwerg.com\/index.php?rest_route=%2Fwp%2Fv2%2Fcomments&post=1022"}],"wp:featuredmedia":[{"embeddable":true,"href":"https:\/\/glaszwerg.com\/index.php?rest_route=\/wp\/v2\/media\/1020"}],"wp:attachment":[{"href":"https:\/\/glaszwerg.com\/index.php?rest_route=%2Fwp%2Fv2%2Fmedia&parent=1022"}],"wp:term":[{"taxonomy":"product_brand","embeddable":true,"href":"https:\/\/glaszwerg.com\/index.php?rest_route=%2Fwp%2Fv2%2Fproduct_brand&post=1022"},{"taxonomy":"product_cat","embeddable":true,"href":"https:\/\/glaszwerg.com\/index.php?rest_route=%2Fwp%2Fv2%2Fproduct_cat&post=1022"},{"taxonomy":"product_tag","embeddable":true,"href":"https:\/\/glaszwerg.com\/index.php?rest_route=%2Fwp%2Fv2%2Fproduct_tag&post=1022"}],"curies":[{"name":"wp","href":"https:\/\/api.w.org\/{rel}","templated":true}]}}