{"id":1558,"date":"2020-01-23T21:24:10","date_gmt":"2020-01-23T21:24:10","guid":{"rendered":"https:\/\/glaszwerg.com\/?post_type=product&#038;p=1558"},"modified":"2025-02-12T21:41:46","modified_gmt":"2025-02-12T21:41:46","slug":"hilfe-fuer-die-zahnfee","status":"publish","type":"product","link":"https:\/\/glaszwerg.com\/?product=hilfe-fuer-die-zahnfee","title":{"rendered":"Hilfe f\u00fcr die Zahnfee"},"content":{"rendered":"<p>Die Zahnfee ist eine vielbesch\u00e4ftigte Dame. Sie muss immer nachts arbeiten. Und dann ganz schnell und leise von einem Kind zum n\u00e4chsten huschen, den kleinen Zahn abholen und ein kleines Geschenk zur\u00fcck lassen. Aber es ist gar nicht einfach, sich immer Geschenke auszudenken. DA hat der Glaszwerg eine Idee: ein kleiner Zahn aus Glas kann die kleine Fee ein wenig entlasten.<\/p>\n<p>Der kleine freundliche Zahn aus Glas kann als Anh\u00e4nger genutzt werden. Er baumelt an einem Edelstahl-Karabiner. Und damit alles perfekt zusammen passt, baumelt der kleine fr\u00f6hliche L\u00e4chelnde Zahn an einem Papier-Tag. Alles selbstgemacht. Die Ausf\u00fchrung der Z\u00e4hne f\u00e4llt immer etwas unterschiedlich aus, alles handgefertigt. Aber es bleibt immer ein Zahn mit einem freundlichen\u00a0 L\u00e4cheln und gro\u00dfen Augen.<\/p>\n<p>Anmerkung gem. Produktsicherheitsverordnung:<br \/>\nIch fertige jede Glasperle in meinem Atelier selbst. Daf\u00fcr verwende ich italienisches Glas aus Murano und auch deutsches Weichglas aus Lauscha und Reichenbach. Jede Glasperle ist ein Unikat, keine gleicht der anderen, es ist alles Handarbeit. Wenn die Glasperle am Brenner fertig geformt ist, entspannt sie sich im Temperofen. Dadurch verl\u00e4ngert sich die Lebenszeit der Glasperle erheblich. Jede Glasperle wird vor dem Versand im Perlenkanal ges\u00e4ubert und dann weiterverarbeitet. Perlen f\u00fcr Anh\u00e4nger werden immer mit Edelstahlstiften und -Karabiner versehen. Blumenstecker-Perlen sind immer auf Edelstahlst\u00e4ben gearbeitet. Einige Anh\u00e4nger werden mit Papiertag ausgeliefert. Diese fertige ich ebenfalls alle selbst zu Hause im Glaszwergenreich. Bei weiteren Fragen schickt mir gerne eine Email an <a href=\"mailto:glaszwerg@web.de\">glaszwerg@web.de<\/a> .<\/p>\n","protected":false},"excerpt":{"rendered":"<p>Die Zahnfee ist eine vielbesch\u00e4ftigte Dame. Sie muss immer nachts arbeiten. Und dann ganz schnell und leise von einem Kind<\/p>\n","protected":false},"featured_media":1559,"comment_status":"open","ping_status":"closed","template":"","meta":{"_exactmetrics_skip_tracking":false,"_exactmetrics_sitenote_active":false,"_exactmetrics_sitenote_note":"","_exactmetrics_sitenote_category":0},"product_brand":[],"product_cat":[285],"product_tag":[286,288,287],"class_list":{"0":"post-1558","1":"product","2":"type-product","3":"status-publish","4":"has-post-thumbnail","6":"product_cat-anhaenger","7":"product_tag-anhaenger","8":"product_tag-milchzahn","9":"product_tag-zahnfee","11":"first","12":"instock","13":"shipping-taxable","14":"purchasable","15":"product-type-simple"},"jetpack_sharing_enabled":true,"_links":{"self":[{"href":"https:\/\/glaszwerg.com\/index.php?rest_route=\/wp\/v2\/product\/1558","targetHints":{"allow":["GET"]}}],"collection":[{"href":"https:\/\/glaszwerg.com\/index.php?rest_route=\/wp\/v2\/product"}],"about":[{"href":"https:\/\/glaszwerg.com\/index.php?rest_route=\/wp\/v2\/types\/product"}],"replies":[{"embeddable":true,"href":"https:\/\/glaszwerg.com\/index.php?rest_route=%2Fwp%2Fv2%2Fcomments&post=1558"}],"wp:featuredmedia":[{"embeddable":true,"href":"https:\/\/glaszwerg.com\/index.php?rest_route=\/wp\/v2\/media\/1559"}],"wp:attachment":[{"href":"https:\/\/glaszwerg.com\/index.php?rest_route=%2Fwp%2Fv2%2Fmedia&parent=1558"}],"wp:term":[{"taxonomy":"product_brand","embeddable":true,"href":"https:\/\/glaszwerg.com\/index.php?rest_route=%2Fwp%2Fv2%2Fproduct_brand&post=1558"},{"taxonomy":"product_cat","embeddable":true,"href":"https:\/\/glaszwerg.com\/index.php?rest_route=%2Fwp%2Fv2%2Fproduct_cat&post=1558"},{"taxonomy":"product_tag","embeddable":true,"href":"https:\/\/glaszwerg.com\/index.php?rest_route=%2Fwp%2Fv2%2Fproduct_tag&post=1558"}],"curies":[{"name":"wp","href":"https:\/\/api.w.org\/{rel}","templated":true}]}}