{"id":1754,"date":"2020-01-30T20:41:30","date_gmt":"2020-01-30T20:41:30","guid":{"rendered":"https:\/\/glaszwerg.com\/?post_type=product&#038;p=1754"},"modified":"2025-02-12T21:55:22","modified_gmt":"2025-02-12T21:55:22","slug":"flaschenzwerg","status":"publish","type":"product","link":"https:\/\/glaszwerg.com\/?product=flaschenzwerg","title":{"rendered":"Flaschenzwerg"},"content":{"rendered":"<p>So ein Glaszwerg ist ja schon ein nettes Gesch\u00f6pf. Bunt und frech kommt er daher. Der Flaschenzwerg passt auf alle edlen Tropfen in handels\u00fcblichen Flaschen und veredelt somit noch die Flasche. Der Flaschenst\u00f6psel ist ebenfalls aus Glas, er verschlie\u00dft die Flasche durch sein Gewicht, er wird NICHT in die Flasche geschraubt. Ein Sch\u00fctteln ist mit dem Flaschenst\u00f6psel also nicht m\u00f6glich!<\/p>\n<p>Bei der Bestellung kann gerne die Wunschfarbe des Zwergen-Hutes und die Ausf\u00fchrung (mit Bl\u00fcmchen oder R\u00f6schen) angegebenen werden. Bitte dazu Kommentar bei der Bestellung ausf\u00fcllen oder den Wunsch per <a href=\"glaszwerg@web.de\">Email<\/a> an mich weiter leiten.<\/p>\n<p>Anmerkung gem. Produktsicherheitsverordnung:<br \/>\nIch fertige jede Glasperle in meinem Atelier selbst. Daf\u00fcr verwende ich italienisches Glas aus Murano und auch deutsches Weichglas aus Lauscha und Reichenbach. Jede Glasperle ist ein Unikat, keine gleicht der anderen, es ist alles Handarbeit. Wenn die Glasperle am Brenner fertig geformt ist, entspannt sie sich im Temperofen. Dadurch verl\u00e4ngert sich die Lebenszeit der Glasperle erheblich. Jede Glasperle wird vor dem Versand im Perlenkanal ges\u00e4ubert und dann weiterverarbeitet. Perlen f\u00fcr Anh\u00e4nger werden immer mit Edelstahlstiften und -Karabiner versehen. Blumenstecker-Perlen sind immer auf Edelstahlst\u00e4ben gearbeitet. Einige Anh\u00e4nger werden mit Papiertag ausgeliefert. Diese fertige ich ebenfalls alle selbst zu Hause im Glaszwergenreich. Bei weiteren Fragen schickt mir gerne eine Email an <a href=\"mailto:glaszwerg@web.de\">glaszwerg@web.de<\/a> .<\/p>\n","protected":false},"excerpt":{"rendered":"<p>Flaschenst\u00f6psel mit Zwerg<\/p>\n","protected":false},"featured_media":3826,"comment_status":"open","ping_status":"closed","template":"","meta":{"_exactmetrics_skip_tracking":false,"_exactmetrics_sitenote_active":false,"_exactmetrics_sitenote_note":"","_exactmetrics_sitenote_category":0},"product_brand":[],"product_cat":[239,312],"product_tag":[314,313,242],"class_list":{"0":"post-1754","1":"product","2":"type-product","3":"status-publish","4":"has-post-thumbnail","6":"product_cat-glaszwerg","7":"product_cat-kuechenhelfer","8":"product_tag-flaschenstoepsel","9":"product_tag-flaschenzwerg","10":"product_tag-glaszwerg","12":"first","13":"instock","14":"shipping-taxable","15":"purchasable","16":"product-type-simple"},"jetpack_sharing_enabled":true,"_links":{"self":[{"href":"https:\/\/glaszwerg.com\/index.php?rest_route=\/wp\/v2\/product\/1754","targetHints":{"allow":["GET"]}}],"collection":[{"href":"https:\/\/glaszwerg.com\/index.php?rest_route=\/wp\/v2\/product"}],"about":[{"href":"https:\/\/glaszwerg.com\/index.php?rest_route=\/wp\/v2\/types\/product"}],"replies":[{"embeddable":true,"href":"https:\/\/glaszwerg.com\/index.php?rest_route=%2Fwp%2Fv2%2Fcomments&post=1754"}],"wp:featuredmedia":[{"embeddable":true,"href":"https:\/\/glaszwerg.com\/index.php?rest_route=\/wp\/v2\/media\/3826"}],"wp:attachment":[{"href":"https:\/\/glaszwerg.com\/index.php?rest_route=%2Fwp%2Fv2%2Fmedia&parent=1754"}],"wp:term":[{"taxonomy":"product_brand","embeddable":true,"href":"https:\/\/glaszwerg.com\/index.php?rest_route=%2Fwp%2Fv2%2Fproduct_brand&post=1754"},{"taxonomy":"product_cat","embeddable":true,"href":"https:\/\/glaszwerg.com\/index.php?rest_route=%2Fwp%2Fv2%2Fproduct_cat&post=1754"},{"taxonomy":"product_tag","embeddable":true,"href":"https:\/\/glaszwerg.com\/index.php?rest_route=%2Fwp%2Fv2%2Fproduct_tag&post=1754"}],"curies":[{"name":"wp","href":"https:\/\/api.w.org\/{rel}","templated":true}]}}