{"id":3265,"date":"2020-03-29T11:06:59","date_gmt":"2020-03-29T11:06:59","guid":{"rendered":"https:\/\/glaszwerg.com\/?post_type=product&#038;p=3265"},"modified":"2025-02-12T21:33:04","modified_gmt":"2025-02-12T21:33:04","slug":"kugelschreiber-mit-marienkaefer","status":"publish","type":"product","link":"https:\/\/glaszwerg.com\/?product=kugelschreiber-mit-marienkaefer","title":{"rendered":"Kugelschreiber mit Marienk\u00e4fer"},"content":{"rendered":"<p>Der Kugelschreiber ist ca. 15 cm lang. Der Griff ist aus Kunststoff. Im oberen Teil des Kugelschreibers befinden sich in einem Bereich in der L\u00e4nge von 5,5 cm selbstgemachte Glasperlen. Der Kugelschreiber l\u00e4sst sich durch drehen des unteren Bereichs einschalten und schreibt schwarz.<\/p>\n<p>Der Kugelschreiber &#8222;Marienk\u00e4fer&#8220; enth\u00e4lt 8 selbstgemachte Glasperlen aus Murano-Glas. Es sind drei hellgr\u00fcn transparente Perlen mit wei\u00dfen Punkten eine hellgr\u00fcn transparente Perlen mit kleinen wei\u00dfen Bl\u00fcmchen, eine opake rote Perle mit wei\u00dfen Punkten und eine opaken hellgr\u00fcnen Perlen mit je zwei wei\u00dfen Bl\u00fcmchen mit 3 Bl\u00fctenbl\u00e4ttern. Im oberen Bereich ist ein rundlicher Marienk\u00e4fer.<\/p>\n<p>Anmerkung gem. Produktsicherheitsverordnung:<br \/>\nIch fertige jede Glasperle in meinem Atelier selbst. Daf\u00fcr verwende ich italienisches Glas aus Murano und auch deutsches Weichglas aus Lauscha und Reichenbach. Jede Glasperle ist ein Unikat, keine gleicht der anderen, es ist alles Handarbeit. Wenn die Glasperle am Brenner fertig geformt ist, entspannt sie sich im Temperofen. Dadurch verl\u00e4ngert sich die Lebenszeit der Glasperle erheblich. Jede Glasperle wird vor dem Versand im Perlenkanal ges\u00e4ubert und dann weiterverarbeitet. Perlen f\u00fcr Anh\u00e4nger werden immer mit Edelstahlstiften und -Karabiner versehen. Blumenstecker-Perlen sind immer auf Edelstahlst\u00e4ben gearbeitet. Einige Anh\u00e4nger werden mit Papiertag ausgeliefert. Diese fertige ich ebenfalls alle selbst zu Hause im Glaszwergenreich. Bei weiteren Fragen schickt mir gerne eine Email an <a href=\"mailto:glaszwerg@web.de\">glaszwerg@web.de<\/a> .<\/p>\n","protected":false},"excerpt":{"rendered":"<p>Der Kugelschreiber &#8222;Marienk\u00e4fer&#8220; enth\u00e4lt 8 selbstgemachte Glasperlen aus Murano-Glas. Es sind drei hellgr\u00fcn transparente Perlen mit wei\u00dfen Punkten eine hellgr\u00fcn transparente Perlen mit kleinen wei\u00dfen Bl\u00fcmchen, eine opake rote Perle mit wei\u00dfen Punkten und eine opaken hellgr\u00fcnen Perlen mit je zwei wei\u00dfen Bl\u00fcmchen mit 3 Bl\u00fctenbl\u00e4ttern. Im oberen Bereich ist ein rundlicher Marienk\u00e4fer.<\/p>\n","protected":false},"featured_media":3237,"comment_status":"open","ping_status":"closed","template":"","meta":{"_exactmetrics_skip_tracking":false,"_exactmetrics_sitenote_active":false,"_exactmetrics_sitenote_note":"","_exactmetrics_sitenote_category":0},"product_brand":[],"product_cat":[279],"product_tag":[280,394],"class_list":{"0":"post-3265","1":"product","2":"type-product","3":"status-publish","4":"has-post-thumbnail","6":"product_cat-schreib-mal-wieder","7":"product_tag-kugelschreiber","8":"product_tag-schreib-mal-wieder","10":"first","11":"instock","12":"shipping-taxable","13":"purchasable","14":"product-type-simple"},"jetpack_sharing_enabled":true,"_links":{"self":[{"href":"https:\/\/glaszwerg.com\/index.php?rest_route=\/wp\/v2\/product\/3265","targetHints":{"allow":["GET"]}}],"collection":[{"href":"https:\/\/glaszwerg.com\/index.php?rest_route=\/wp\/v2\/product"}],"about":[{"href":"https:\/\/glaszwerg.com\/index.php?rest_route=\/wp\/v2\/types\/product"}],"replies":[{"embeddable":true,"href":"https:\/\/glaszwerg.com\/index.php?rest_route=%2Fwp%2Fv2%2Fcomments&post=3265"}],"wp:featuredmedia":[{"embeddable":true,"href":"https:\/\/glaszwerg.com\/index.php?rest_route=\/wp\/v2\/media\/3237"}],"wp:attachment":[{"href":"https:\/\/glaszwerg.com\/index.php?rest_route=%2Fwp%2Fv2%2Fmedia&parent=3265"}],"wp:term":[{"taxonomy":"product_brand","embeddable":true,"href":"https:\/\/glaszwerg.com\/index.php?rest_route=%2Fwp%2Fv2%2Fproduct_brand&post=3265"},{"taxonomy":"product_cat","embeddable":true,"href":"https:\/\/glaszwerg.com\/index.php?rest_route=%2Fwp%2Fv2%2Fproduct_cat&post=3265"},{"taxonomy":"product_tag","embeddable":true,"href":"https:\/\/glaszwerg.com\/index.php?rest_route=%2Fwp%2Fv2%2Fproduct_tag&post=3265"}],"curies":[{"name":"wp","href":"https:\/\/api.w.org\/{rel}","templated":true}]}}