{"id":3268,"date":"2020-03-29T11:31:19","date_gmt":"2020-03-29T11:31:19","guid":{"rendered":"https:\/\/glaszwerg.com\/?post_type=product&#038;p=3268"},"modified":"2025-02-12T21:28:14","modified_gmt":"2025-02-12T21:28:14","slug":"kugelschreiber-bienchen","status":"publish","type":"product","link":"https:\/\/glaszwerg.com\/?product=kugelschreiber-bienchen","title":{"rendered":"Kugelschreiber Bienchen"},"content":{"rendered":"<p>Der Kugelschreiber ist ca. 15 cm lang. Der Griff ist aus Kunststoff. Im oberen Teil des Kugelschreibers befinden sich in einem Bereich in der L\u00e4nge von 5,5 cm selbstgemachte Glasperlen. Der Kugelschreiber l\u00e4sst sich durch drehen des unteren Bereichs einschalten und schreibt schwarz.<\/p>\n<p>Der Kugelschreiber &#8222;Bienchen&#8220; enth\u00e4lt 8 selbstgemachte Glasperlen aus Murano-Glas. Es sind drei hellgr\u00fcn transparente Perlen, zwei opake gelbe Perlen, am unteren Ende ist eine hellgr\u00fcne transparente Perle mit wei\u00dfen kleinen Bl\u00fcmchen und in der Mitte ist eine gr\u00f6\u00dfere opake hellgr\u00fcne Perle mit rundherum vier erhabenen Bl\u00fcmchen, immer mit drei Blumenbl\u00e4ttern. Im oberen Bereich sitzt eine Biene.<\/p>\n<p>Anmerkung gem. Produktsicherheitsverordnung:<br \/>\nIch fertige jede Glasperle in meinem Atelier selbst. Daf\u00fcr verwende ich italienisches Glas aus Murano und auch deutsches Weichglas aus Lauscha und Reichenbach. Jede Glasperle ist ein Unikat, keine gleicht der anderen, es ist alles Handarbeit. Wenn die Glasperle am Brenner fertig geformt ist, entspannt sie sich im Temperofen. Dadurch verl\u00e4ngert sich die Lebenszeit der Glasperle erheblich. Jede Glasperle wird vor dem Versand im Perlenkanal ges\u00e4ubert und dann weiterverarbeitet. Perlen f\u00fcr Anh\u00e4nger werden immer mit Edelstahlstiften und -Karabiner versehen. Blumenstecker-Perlen sind immer auf Edelstahlst\u00e4ben gearbeitet. Einige Anh\u00e4nger werden mit Papiertag ausgeliefert. Diese fertige ich ebenfalls alle selbst zu Hause im Glaszwergenreich. Bei weiteren Fragen schickt mir gerne eine Email an <a href=\"mailto:glaszwerg@web.de\">glaszwerg@web.de<\/a> .<\/p>\n","protected":false},"excerpt":{"rendered":"<p>Der Kugelschreiber &#8222;Bienchen&#8220; enth\u00e4lt 8 selbstgemachte Glasperlen aus Murano-Glas. Es sind drei hellgr\u00fcn transparente Perlen, zwei opake gelbe Perlen, am unteren Ende ist eine hellgr\u00fcne transparente Perle mit wei\u00dfen kleinen Bl\u00fcmchen und in der Mitte ist eine gr\u00f6\u00dfere opake hellgr\u00fcne Perle mit rundherum vier erhabenen Bl\u00fcmchen, immer mit drei Blumenbl\u00e4ttern. Im oberen Bereich sitzt eine Biene.<\/p>\n","protected":false},"featured_media":3240,"comment_status":"open","ping_status":"closed","template":"","meta":{"_exactmetrics_skip_tracking":false,"_exactmetrics_sitenote_active":false,"_exactmetrics_sitenote_note":"","_exactmetrics_sitenote_category":0},"product_brand":[],"product_cat":[279],"product_tag":[280,394],"class_list":{"0":"post-3268","1":"product","2":"type-product","3":"status-publish","4":"has-post-thumbnail","6":"product_cat-schreib-mal-wieder","7":"product_tag-kugelschreiber","8":"product_tag-schreib-mal-wieder","10":"first","11":"instock","12":"shipping-taxable","13":"purchasable","14":"product-type-simple"},"jetpack_sharing_enabled":true,"_links":{"self":[{"href":"https:\/\/glaszwerg.com\/index.php?rest_route=\/wp\/v2\/product\/3268","targetHints":{"allow":["GET"]}}],"collection":[{"href":"https:\/\/glaszwerg.com\/index.php?rest_route=\/wp\/v2\/product"}],"about":[{"href":"https:\/\/glaszwerg.com\/index.php?rest_route=\/wp\/v2\/types\/product"}],"replies":[{"embeddable":true,"href":"https:\/\/glaszwerg.com\/index.php?rest_route=%2Fwp%2Fv2%2Fcomments&post=3268"}],"wp:featuredmedia":[{"embeddable":true,"href":"https:\/\/glaszwerg.com\/index.php?rest_route=\/wp\/v2\/media\/3240"}],"wp:attachment":[{"href":"https:\/\/glaszwerg.com\/index.php?rest_route=%2Fwp%2Fv2%2Fmedia&parent=3268"}],"wp:term":[{"taxonomy":"product_brand","embeddable":true,"href":"https:\/\/glaszwerg.com\/index.php?rest_route=%2Fwp%2Fv2%2Fproduct_brand&post=3268"},{"taxonomy":"product_cat","embeddable":true,"href":"https:\/\/glaszwerg.com\/index.php?rest_route=%2Fwp%2Fv2%2Fproduct_cat&post=3268"},{"taxonomy":"product_tag","embeddable":true,"href":"https:\/\/glaszwerg.com\/index.php?rest_route=%2Fwp%2Fv2%2Fproduct_tag&post=3268"}],"curies":[{"name":"wp","href":"https:\/\/api.w.org\/{rel}","templated":true}]}}