{"id":3721,"date":"2020-04-21T07:43:48","date_gmt":"2020-04-21T07:43:48","guid":{"rendered":"https:\/\/glaszwerg.com\/?post_type=product&#038;p=3721"},"modified":"2025-02-12T21:24:35","modified_gmt":"2025-02-12T21:24:35","slug":"bubble-pandoris","status":"publish","type":"product","link":"https:\/\/glaszwerg.com\/?product=bubble-pandoris","title":{"rendered":"Bubble PanDoris"},"content":{"rendered":"<p style=\"margin: 0cm; margin-bottom: .0001pt; line-height: 13.5pt;\"><span style=\"font-family: '&amp;quot',serif; color: #606060;\">PanDoris Beads auf die handels\u00fcblichen Armb\u00e4nder z.B. von Pan* oder Tro*. Aber auch auf die &#8222;ganz normale&#8220; Lieblingskette oder k\u00f6nnen aufgef\u00e4delt werden an dickere B\u00e4nder f\u00fcr Jacken oder oder oder. Fakt ist, diese Beads haben einen Lochdurchmesser von 5mm und sind dadurch einfach variabel einsetzbar. Sie strahlen mit der Sonne um die Wette, sind alle im Ofen getempert und somit entspannt f\u00fcr den allt\u00e4glichen Gebrauch. Ich verwende f\u00fcr die Beads Glas aus Murano aber auch aus Lauscha. <\/span><\/p>\n<p style=\"margin: 0cm; margin-bottom: .0001pt; line-height: 13.5pt;\"><span style=\"font-family: '&amp;quot',serif; color: #606060;\"><br \/>\nEs handelt sich um den <strong>St\u00fcckpreis<\/strong>! Du bestellst hier eine Perle und kein Set!<\/span><\/p>\n<p style=\"margin: 0cm; margin-bottom: .0001pt; line-height: 13.5pt;\"><span style=\"font-family: '&amp;quot',serif; color: #606060;\">\u00a0 <\/span><\/p>\n<p style=\"margin: 0cm; margin-bottom: .0001pt; line-height: 13.5pt;\"><span style=\"font-family: '&amp;quot',serif; color: #606060;\">Bitte beachte,\u00a0 dass du durch diese Bestellung NICHT die Perlen auf dem Bild besstellst! Es handelt sich um ein Beispiel! Ich sende immer ein Foto per Email, um sicher zu sein, dass ich deinen Geschmack auch wirklich treffe. Bitte im Bemerkungsfeld angeben, welche Farbe oder Farbkombinationen es sein d\u00fcrfen. Jeder Bead wird individuell hergestellt, daher kann die Lieferzeit bis zu 10 Tage betragen, aber auch da kommuniziere wir miteinander (k\u00f6nnte ja auch ein spontanes Geschenk sein, dann kann ich es sicherlich auch schneller m\u00f6glich machen)<\/span><span style=\"font-family: '&amp;quot',serif; color: #606060;\">. <\/span><\/p>\n<p style=\"margin: 0cm; margin-bottom: .0001pt; line-height: 13.5pt;\"><span style=\"font-family: '&amp;quot',serif; color: #606060;\">\u00a0 <\/span><\/p>\n<p style=\"margin: 0cm; margin-bottom: .0001pt; line-height: 13.5pt;\"><span style=\"font-family: '&amp;quot',serif; color: #606060;\">Falls du nur PanDoris Beads bestellst, kann sich das Porto ggf. noch zu deinen Gunsten \u00e4ndern, da je nach Auspr\u00e4gung &#8211; in diesem Falle &#8222;Schutzbed\u00fcrftigkeit&#8220; \u00a0der Perlen auch ein Versand in einem kleinen Kuvert m\u00f6glich wird. Das Geld wird dann nat\u00fcrlich zur\u00fcck erstattet.\u00a0<\/span><\/p>\n<p>&nbsp;<\/p>\n<p>Anmerkung gem. Produktsicherheitsverordnung:<br \/>\nIch fertige jede Glasperle in meinem Atelier selbst. Daf\u00fcr verwende ich italienisches Glas aus Murano und auch deutsches Weichglas aus Lauscha und Reichenbach. Jede Glasperle ist ein Unikat, keine gleicht der anderen, es ist alles Handarbeit. Wenn die Glasperle am Brenner fertig geformt ist, entspannt sie sich im Temperofen. Dadurch verl\u00e4ngert sich die Lebenszeit der Glasperle erheblich. Jede Glasperle wird vor dem Versand im Perlenkanal ges\u00e4ubert und dann weiterverarbeitet. Perlen f\u00fcr Anh\u00e4nger werden immer mit Edelstahlstiften und -Karabiner versehen. Blumenstecker-Perlen sind immer auf Edelstahlst\u00e4ben gearbeitet. Einige Anh\u00e4nger werden mit Papiertag ausgeliefert. Diese fertige ich ebenfalls alle selbst zu Hause im Glaszwergenreich. Bei weiteren Fragen schickt mir gerne eine Email an <a href=\"mailto:glaszwerg@web.de\">glaszwerg@web.de<\/a> .<\/p>\n","protected":false},"excerpt":{"rendered":"<p>PandDoris Bubble bead mit 5 mm Lochdurchmesser<\/p>\n","protected":false},"featured_media":3718,"comment_status":"open","ping_status":"closed","template":"","meta":{"_exactmetrics_skip_tracking":false,"_exactmetrics_sitenote_active":false,"_exactmetrics_sitenote_note":"","_exactmetrics_sitenote_category":0},"product_brand":[],"product_cat":[426],"product_tag":[427],"class_list":{"0":"post-3721","1":"product","2":"type-product","3":"status-publish","4":"has-post-thumbnail","6":"product_cat-pandoris","7":"product_tag-pandoris","9":"first","10":"instock","11":"shipping-taxable","12":"purchasable","13":"product-type-simple"},"jetpack_sharing_enabled":true,"_links":{"self":[{"href":"https:\/\/glaszwerg.com\/index.php?rest_route=\/wp\/v2\/product\/3721","targetHints":{"allow":["GET"]}}],"collection":[{"href":"https:\/\/glaszwerg.com\/index.php?rest_route=\/wp\/v2\/product"}],"about":[{"href":"https:\/\/glaszwerg.com\/index.php?rest_route=\/wp\/v2\/types\/product"}],"replies":[{"embeddable":true,"href":"https:\/\/glaszwerg.com\/index.php?rest_route=%2Fwp%2Fv2%2Fcomments&post=3721"}],"wp:featuredmedia":[{"embeddable":true,"href":"https:\/\/glaszwerg.com\/index.php?rest_route=\/wp\/v2\/media\/3718"}],"wp:attachment":[{"href":"https:\/\/glaszwerg.com\/index.php?rest_route=%2Fwp%2Fv2%2Fmedia&parent=3721"}],"wp:term":[{"taxonomy":"product_brand","embeddable":true,"href":"https:\/\/glaszwerg.com\/index.php?rest_route=%2Fwp%2Fv2%2Fproduct_brand&post=3721"},{"taxonomy":"product_cat","embeddable":true,"href":"https:\/\/glaszwerg.com\/index.php?rest_route=%2Fwp%2Fv2%2Fproduct_cat&post=3721"},{"taxonomy":"product_tag","embeddable":true,"href":"https:\/\/glaszwerg.com\/index.php?rest_route=%2Fwp%2Fv2%2Fproduct_tag&post=3721"}],"curies":[{"name":"wp","href":"https:\/\/api.w.org\/{rel}","templated":true}]}}