{"id":3728,"date":"2020-04-25T09:16:02","date_gmt":"2020-04-25T09:16:02","guid":{"rendered":"https:\/\/glaszwerg.com\/?post_type=product&#038;p=3728"},"modified":"2025-02-12T21:23:19","modified_gmt":"2025-02-12T21:23:19","slug":"glasbluemchen-zum-stecken","status":"publish","type":"product","link":"https:\/\/glaszwerg.com\/?product=glasbluemchen-zum-stecken","title":{"rendered":"Insektenbar \/ Bienenbar"},"content":{"rendered":"<p>Habt ihr nicht so den gr\u00fcnen Daumen? Wollt ihr euch l\u00e4nger als ein paar Tagen an bunten Bl\u00fcmchen erfreuen? Dann habe ich f\u00fcr euch genau das richtige: Glasbl\u00fcmchen zum Stecken. Und wirklich sinnvoll sind diese Bl\u00fcmchen auch noch! Denn durch den gro\u00dfen Bl\u00fctenkopf sammelt sich darin Wasser und die Insekten und Bienchen k\u00f6nnen auf einen Schluck vorbei kommen. Ausrutschen ist auch nicht m\u00f6glich, da die Rillen und Noppen die Tierchen vor dem Ertrinken bewahren.<\/p>\n<p>Und war dann dann f\u00fcr drinnen und drau\u00dfen! Die Glasbl\u00fcmchen sind auf Edelstahlstift gesetzt und k\u00f6nnen somit auch drau\u00dfen im Blumenk\u00e4stchen am Balkon f\u00fcr bunte Aktzente sorgen.<\/p>\n<p>Die Bl\u00fcmchen mache ich selbst,haupts\u00e4chlich aus Muranoglas. Sie werden wie alle anderen Perlen auch im Temperofen entspannt. Der Edelstahlstab ist zwischen 10 und 12 cm lang, wird unregelm\u00e4\u00dfig abgeschnitten, daher kann es hier zu Schwankungen kommen. Die Bl\u00fcmchen kann ich euch in euren Wunschfarben anfertigen, daf\u00fcr bitte eine kurze Notiz bei der Bestellung. Der Preis versteht sich f\u00fcr eine Glasblume.<\/p>\n<p>Anmerkung gem. Produktsicherheitsverordnung:<br \/>\nIch fertige jede Glasperle in meinem Atelier selbst. Daf\u00fcr verwende ich italienisches Glas aus Murano und auch deutsches Weichglas aus Lauscha und Reichenbach. Jede Glasperle ist ein Unikat, keine gleicht der anderen, es ist alles Handarbeit. Wenn die Glasperle am Brenner fertig geformt ist, entspannt sie sich im Temperofen. Dadurch verl\u00e4ngert sich die Lebenszeit der Glasperle erheblich. Jede Glasperle wird vor dem Versand im Perlenkanal ges\u00e4ubert und dann weiterverarbeitet. Perlen f\u00fcr Anh\u00e4nger werden immer mit Edelstahlstiften und -Karabiner versehen. Blumenstecker-Perlen sind immer auf Edelstahlst\u00e4ben gearbeitet. Einige Anh\u00e4nger werden mit Papiertag ausgeliefert. Diese fertige ich ebenfalls alle selbst zu Hause im Glaszwergenreich. Bei weiteren Fragen schickt mir gerne eine Email an <a href=\"mailto:glaszwerg@web.de\">glaszwerg@web.de<\/a> .<\/p>\n","protected":false},"excerpt":{"rendered":"<p>Insektenbar zum Stecken, 1 St\u00fcck<\/p>\n","protected":false},"featured_media":5573,"comment_status":"open","ping_status":"closed","template":"","meta":{"_exactmetrics_skip_tracking":false,"_exactmetrics_sitenote_active":false,"_exactmetrics_sitenote_note":"","_exactmetrics_sitenote_category":0},"product_brand":[],"product_cat":[294,298],"product_tag":[1018,296,428,1019,430,429],"class_list":{"0":"post-3728","1":"product","2":"type-product","3":"status-publish","4":"has-post-thumbnail","6":"product_cat-blumenstecker","7":"product_cat-fairy-garden","8":"product_tag-bienenbar","9":"product_tag-blumenstecker","10":"product_tag-glasblume","11":"product_tag-insektenbar","12":"product_tag-muttertag","13":"product_tag-steckblume","15":"first","16":"instock","17":"shipping-taxable","18":"purchasable","19":"product-type-simple"},"jetpack_sharing_enabled":true,"_links":{"self":[{"href":"https:\/\/glaszwerg.com\/index.php?rest_route=\/wp\/v2\/product\/3728","targetHints":{"allow":["GET"]}}],"collection":[{"href":"https:\/\/glaszwerg.com\/index.php?rest_route=\/wp\/v2\/product"}],"about":[{"href":"https:\/\/glaszwerg.com\/index.php?rest_route=\/wp\/v2\/types\/product"}],"replies":[{"embeddable":true,"href":"https:\/\/glaszwerg.com\/index.php?rest_route=%2Fwp%2Fv2%2Fcomments&post=3728"}],"wp:featuredmedia":[{"embeddable":true,"href":"https:\/\/glaszwerg.com\/index.php?rest_route=\/wp\/v2\/media\/5573"}],"wp:attachment":[{"href":"https:\/\/glaszwerg.com\/index.php?rest_route=%2Fwp%2Fv2%2Fmedia&parent=3728"}],"wp:term":[{"taxonomy":"product_brand","embeddable":true,"href":"https:\/\/glaszwerg.com\/index.php?rest_route=%2Fwp%2Fv2%2Fproduct_brand&post=3728"},{"taxonomy":"product_cat","embeddable":true,"href":"https:\/\/glaszwerg.com\/index.php?rest_route=%2Fwp%2Fv2%2Fproduct_cat&post=3728"},{"taxonomy":"product_tag","embeddable":true,"href":"https:\/\/glaszwerg.com\/index.php?rest_route=%2Fwp%2Fv2%2Fproduct_tag&post=3728"}],"curies":[{"name":"wp","href":"https:\/\/api.w.org\/{rel}","templated":true}]}}