{"id":3766,"date":"2020-05-06T09:11:05","date_gmt":"2020-05-06T09:11:05","guid":{"rendered":"https:\/\/glaszwerg.com\/?post_type=product&#038;p=3766"},"modified":"2025-02-12T21:18:43","modified_gmt":"2025-02-12T21:18:43","slug":"strandperle-individuelle-anfertigung","status":"publish","type":"product","link":"https:\/\/glaszwerg.com\/?product=strandperle-individuelle-anfertigung","title":{"rendered":"Strandperle &#8211; Individuelle Anfertigung"},"content":{"rendered":"<p>Sehnsucht nach Meer? Meerweh kann ein wenig geheilt werden, wenn man seinen Lieblingsstrand immer mit dabei hat &#8211; es ist zumindest einen Versuch wert!<\/p>\n<p>Alles was ich dazu ben\u00f6tige ist ungef\u00e4hr ein Essl\u00f6ffel Sand vom Lieblingsstrand. Ich melde mich nach der Bestellung dann per Email &#8211; oder wenn bei der Bestellung angegeben, auch telefonisch f\u00fcr die Details. Dann sprechen wir \u00fcber Farbe, Form, Gr\u00f6\u00dfe. Die Herstellung aus Muranoglas an meinem Brenner dauert ungef\u00e4hr 3 bis 4 Werktage, danach nehme ich wieder Kontakt auf und sende Fotos der Perlen. Wenn eine Perle schon den Erwartungen entspricht, wird sie fertig zum Anh\u00e4nger verarbeitet (mit Edelstahl-Karabiner) und versendet. Falls es noch Verbesserungsw\u00fcnsche zu\u00a0 den ersten Vorschl\u00e4gen gibt, dann werde ich sie so lange versuche umzusetzen, bis die Perle gef\u00e4llt.<\/p>\n<p>Die Fotos zu dem Artikel sind alles Beispiele. Die Perlen sind alle individuell hergestellt und Unikate. Jede Perle wird im Temperofen abgek\u00fchlt und die Spannungen im Glas dadurch auf ein absolutes Minimum reduziert. Die Strandperlen sind auch als PanDoris f\u00fcr das Wechselarmband m\u00f6glich!<\/p>\n<p>Anmerkung gem. Produktsicherheitsverordnung:<br \/>\nIch fertige jede Glasperle in meinem Atelier selbst. Daf\u00fcr verwende ich italienisches Glas aus Murano und auch deutsches Weichglas aus Lauscha und Reichenbach. Jede Glasperle ist ein Unikat, keine gleicht der anderen, es ist alles Handarbeit. Wenn die Glasperle am Brenner fertig geformt ist, entspannt sie sich im Temperofen. Dadurch verl\u00e4ngert sich die Lebenszeit der Glasperle erheblich. Jede Glasperle wird vor dem Versand im Perlenkanal ges\u00e4ubert und dann weiterverarbeitet. Perlen f\u00fcr Anh\u00e4nger werden immer mit Edelstahlstiften und -Karabiner versehen. Blumenstecker-Perlen sind immer auf Edelstahlst\u00e4ben gearbeitet. Einige Anh\u00e4nger werden mit Papiertag ausgeliefert. Diese fertige ich ebenfalls alle selbst zu Hause im Glaszwergenreich. Bei weiteren Fragen schickt mir gerne eine Email an <a href=\"mailto:glaszwerg@web.de\">glaszwerg@web.de<\/a> .<\/p>\n","protected":false},"excerpt":{"rendered":"<p>Strandperle Sonderanfertigung<\/p>\n","protected":false},"featured_media":3771,"comment_status":"open","ping_status":"closed","template":"","meta":{"_exactmetrics_skip_tracking":false,"_exactmetrics_sitenote_active":false,"_exactmetrics_sitenote_note":"","_exactmetrics_sitenote_category":0},"product_brand":[],"product_cat":[285,441],"product_tag":[286,331,427,442],"class_list":{"0":"post-3766","1":"product","2":"type-product","3":"status-publish","4":"has-post-thumbnail","6":"product_cat-anhaenger","7":"product_cat-meerweh","8":"product_tag-anhaenger","9":"product_tag-meerweh","10":"product_tag-pandoris","11":"product_tag-strandperle","13":"first","14":"instock","15":"shipping-taxable","16":"purchasable","17":"product-type-simple"},"jetpack_sharing_enabled":true,"_links":{"self":[{"href":"https:\/\/glaszwerg.com\/index.php?rest_route=\/wp\/v2\/product\/3766","targetHints":{"allow":["GET"]}}],"collection":[{"href":"https:\/\/glaszwerg.com\/index.php?rest_route=\/wp\/v2\/product"}],"about":[{"href":"https:\/\/glaszwerg.com\/index.php?rest_route=\/wp\/v2\/types\/product"}],"replies":[{"embeddable":true,"href":"https:\/\/glaszwerg.com\/index.php?rest_route=%2Fwp%2Fv2%2Fcomments&post=3766"}],"wp:featuredmedia":[{"embeddable":true,"href":"https:\/\/glaszwerg.com\/index.php?rest_route=\/wp\/v2\/media\/3771"}],"wp:attachment":[{"href":"https:\/\/glaszwerg.com\/index.php?rest_route=%2Fwp%2Fv2%2Fmedia&parent=3766"}],"wp:term":[{"taxonomy":"product_brand","embeddable":true,"href":"https:\/\/glaszwerg.com\/index.php?rest_route=%2Fwp%2Fv2%2Fproduct_brand&post=3766"},{"taxonomy":"product_cat","embeddable":true,"href":"https:\/\/glaszwerg.com\/index.php?rest_route=%2Fwp%2Fv2%2Fproduct_cat&post=3766"},{"taxonomy":"product_tag","embeddable":true,"href":"https:\/\/glaszwerg.com\/index.php?rest_route=%2Fwp%2Fv2%2Fproduct_tag&post=3766"}],"curies":[{"name":"wp","href":"https:\/\/api.w.org\/{rel}","templated":true}]}}