{"id":3774,"date":"2020-05-06T09:30:34","date_gmt":"2020-05-06T09:30:34","guid":{"rendered":"https:\/\/glaszwerg.com\/?post_type=product&#038;p=3774"},"modified":"2025-02-12T21:20:44","modified_gmt":"2025-02-12T21:20:44","slug":"ankerperle","status":"publish","type":"product","link":"https:\/\/glaszwerg.com\/?product=ankerperle","title":{"rendered":"Ankerperle"},"content":{"rendered":"<p>&#8222;Zu Hause ist, wo der Anker f\u00e4llt&#8220; &#8230;. und was ist, wenn der Anker mit dabei am Schl\u00fcsselbund h\u00e4ngt? Die kleinen bunten, meist transparenten Ankerperlen sind hervorragende Begleiter f\u00fcr den Schl\u00fcsselbund oder die Lieblingskette. Sie baumeln mit dem Edelstahlkarabiner aber auch gerne an Handtaschen, oder Zipps der Lieblingsjacke. Die Perlen sind alle frei geformt und jedes St\u00fcck ist ein Unikat. Die Perlen k\u00fchlen kontrolliert im Temperofen ab, damit sich die Spannungen im Glas auf ein Minimum reduzieren.<\/p>\n<p>Die Ankerperle kann von mir auch in der Wunschfarbe gefertigt werden &#8211; dazu bitte einen kurzen Kommentar im Bemerkungsfeld des Warenkorbs oder eine Email an glaszwerg@web.de .<\/p>\n<p>Anmerkung gem. Produktsicherheitsverordnung:<br \/>\nIch fertige jede Glasperle in meinem Atelier selbst. Daf\u00fcr verwende ich italienisches Glas aus Murano und auch deutsches Weichglas aus Lauscha und Reichenbach. Jede Glasperle ist ein Unikat, keine gleicht der anderen, es ist alles Handarbeit. Wenn die Glasperle am Brenner fertig geformt ist, entspannt sie sich im Temperofen. Dadurch verl\u00e4ngert sich die Lebenszeit der Glasperle erheblich. Jede Glasperle wird vor dem Versand im Perlenkanal ges\u00e4ubert und dann weiterverarbeitet. Perlen f\u00fcr Anh\u00e4nger werden immer mit Edelstahlstiften und -Karabiner versehen. Blumenstecker-Perlen sind immer auf Edelstahlst\u00e4ben gearbeitet. Einige Anh\u00e4nger werden mit Papiertag ausgeliefert. Diese fertige ich ebenfalls alle selbst zu Hause im Glaszwergenreich. Bei weiteren Fragen schickt mir gerne eine Email an <a href=\"mailto:glaszwerg@web.de\">glaszwerg@web.de<\/a> .<\/p>\n","protected":false},"excerpt":{"rendered":"<p>Ankerperle, auch in Wunschfarbe m\u00f6glich<\/p>\n","protected":false},"featured_media":3777,"comment_status":"open","ping_status":"closed","template":"","meta":{"_exactmetrics_skip_tracking":false,"_exactmetrics_sitenote_active":false,"_exactmetrics_sitenote_note":"","_exactmetrics_sitenote_category":0},"product_brand":[],"product_cat":[285,441],"product_tag":[443,444,445,331],"class_list":{"0":"post-3774","1":"product","2":"type-product","3":"status-publish","4":"has-post-thumbnail","6":"product_cat-anhaenger","7":"product_cat-meerweh","8":"product_tag-anker","9":"product_tag-ankerperle","10":"product_tag-maritim","11":"product_tag-meerweh","13":"first","14":"instock","15":"shipping-taxable","16":"purchasable","17":"product-type-simple"},"jetpack_sharing_enabled":true,"_links":{"self":[{"href":"https:\/\/glaszwerg.com\/index.php?rest_route=\/wp\/v2\/product\/3774","targetHints":{"allow":["GET"]}}],"collection":[{"href":"https:\/\/glaszwerg.com\/index.php?rest_route=\/wp\/v2\/product"}],"about":[{"href":"https:\/\/glaszwerg.com\/index.php?rest_route=\/wp\/v2\/types\/product"}],"replies":[{"embeddable":true,"href":"https:\/\/glaszwerg.com\/index.php?rest_route=%2Fwp%2Fv2%2Fcomments&post=3774"}],"wp:featuredmedia":[{"embeddable":true,"href":"https:\/\/glaszwerg.com\/index.php?rest_route=\/wp\/v2\/media\/3777"}],"wp:attachment":[{"href":"https:\/\/glaszwerg.com\/index.php?rest_route=%2Fwp%2Fv2%2Fmedia&parent=3774"}],"wp:term":[{"taxonomy":"product_brand","embeddable":true,"href":"https:\/\/glaszwerg.com\/index.php?rest_route=%2Fwp%2Fv2%2Fproduct_brand&post=3774"},{"taxonomy":"product_cat","embeddable":true,"href":"https:\/\/glaszwerg.com\/index.php?rest_route=%2Fwp%2Fv2%2Fproduct_cat&post=3774"},{"taxonomy":"product_tag","embeddable":true,"href":"https:\/\/glaszwerg.com\/index.php?rest_route=%2Fwp%2Fv2%2Fproduct_tag&post=3774"}],"curies":[{"name":"wp","href":"https:\/\/api.w.org\/{rel}","templated":true}]}}