{"id":3805,"date":"2020-05-14T12:58:07","date_gmt":"2020-05-14T12:58:07","guid":{"rendered":"https:\/\/glaszwerg.com\/?post_type=product&#038;p=3805"},"modified":"2025-02-12T21:15:47","modified_gmt":"2025-02-12T21:15:47","slug":"zuckerloeffel","status":"publish","type":"product","link":"https:\/\/glaszwerg.com\/?product=zuckerloeffel","title":{"rendered":"Keramikl\u00f6ffel f\u00fcr Zucker oder Marmelade oder &#8230;."},"content":{"rendered":"<p>Einmal ger\u00fchrt, nicht gesch\u00fcttelt &#8211; der kleine Zuckerl\u00f6ffel aus Keramik mit einem bunten Cupcake ist ein sch\u00f6ner Farbtupfer in einem z.B. wei\u00dfen Zuckert\u00f6pfchen. Der L\u00f6ffel kann aber auch gut in einen Marmeladetopf getaucht werden &#8211; dazu gibt es auch Ausf\u00fchrungen mit Erdbeeren &#8230; bitte in den Kommentaren bei einer Bestellung die gew\u00fcnschte Ausf\u00fchrung anf\u00fchren.<\/p>\n<p>Die Glasperle dran ist normalerweise ein Cupcake, freigeformt bei mir in der Glaszwergenwerkstatt. Haupts\u00e4chlich verwende ich Glas aus Murano, alles an Zubeh\u00f6r aus Metall ist aus Edelstahl (somit auch sp\u00fclmaschinenfest). Der L\u00f6ffel ist aus wei\u00dfer Keramik und noch nicht von mir gefertigt. Ich arbeite gerade daran, die L\u00f6ffel selbst herzustellen.<\/p>\n<p>Anmerkung gem. Produktsicherheitsverordnung:<br \/>\nIch fertige jede Glasperle in meinem Atelier selbst. Daf\u00fcr verwende ich italienisches Glas aus Murano und auch deutsches Weichglas aus Lauscha und Reichenbach. Jede Glasperle ist ein Unikat, keine gleicht der anderen, es ist alles Handarbeit. Wenn die Glasperle am Brenner fertig geformt ist, entspannt sie sich im Temperofen. Dadurch verl\u00e4ngert sich die Lebenszeit der Glasperle erheblich. Jede Glasperle wird vor dem Versand im Perlenkanal ges\u00e4ubert und dann weiterverarbeitet. Perlen f\u00fcr Anh\u00e4nger werden immer mit Edelstahlstiften und -Karabiner versehen. Blumenstecker-Perlen sind immer auf Edelstahlst\u00e4ben gearbeitet. Einige Anh\u00e4nger werden mit Papiertag ausgeliefert. Diese fertige ich ebenfalls alle selbst zu Hause im Glaszwergenreich. Bei weiteren Fragen schickt mir gerne eine Email an <a href=\"mailto:glaszwerg@web.de\">glaszwerg@web.de<\/a> .<\/p>\n","protected":false},"excerpt":{"rendered":"<p>wei\u00dfer Keramikl\u00f6ffel mit einem kleinen Cupcake als Anh\u00e4nger<\/p>\n","protected":false},"featured_media":3803,"comment_status":"open","ping_status":"closed","template":"","meta":{"_exactmetrics_skip_tracking":false,"_exactmetrics_sitenote_active":false,"_exactmetrics_sitenote_note":"","_exactmetrics_sitenote_category":0},"product_brand":[],"product_cat":[312],"product_tag":[451,407,450],"class_list":{"0":"post-3805","1":"product","2":"type-product","3":"status-publish","4":"has-post-thumbnail","6":"product_cat-kuechenhelfer","7":"product_tag-cupcakte","8":"product_tag-kueche","9":"product_tag-zuckerloeffel","11":"first","12":"instock","13":"shipping-taxable","14":"purchasable","15":"product-type-simple"},"jetpack_sharing_enabled":true,"_links":{"self":[{"href":"https:\/\/glaszwerg.com\/index.php?rest_route=\/wp\/v2\/product\/3805","targetHints":{"allow":["GET"]}}],"collection":[{"href":"https:\/\/glaszwerg.com\/index.php?rest_route=\/wp\/v2\/product"}],"about":[{"href":"https:\/\/glaszwerg.com\/index.php?rest_route=\/wp\/v2\/types\/product"}],"replies":[{"embeddable":true,"href":"https:\/\/glaszwerg.com\/index.php?rest_route=%2Fwp%2Fv2%2Fcomments&post=3805"}],"wp:featuredmedia":[{"embeddable":true,"href":"https:\/\/glaszwerg.com\/index.php?rest_route=\/wp\/v2\/media\/3803"}],"wp:attachment":[{"href":"https:\/\/glaszwerg.com\/index.php?rest_route=%2Fwp%2Fv2%2Fmedia&parent=3805"}],"wp:term":[{"taxonomy":"product_brand","embeddable":true,"href":"https:\/\/glaszwerg.com\/index.php?rest_route=%2Fwp%2Fv2%2Fproduct_brand&post=3805"},{"taxonomy":"product_cat","embeddable":true,"href":"https:\/\/glaszwerg.com\/index.php?rest_route=%2Fwp%2Fv2%2Fproduct_cat&post=3805"},{"taxonomy":"product_tag","embeddable":true,"href":"https:\/\/glaszwerg.com\/index.php?rest_route=%2Fwp%2Fv2%2Fproduct_tag&post=3805"}],"curies":[{"name":"wp","href":"https:\/\/api.w.org\/{rel}","templated":true}]}}