{"id":3821,"date":"2020-05-17T10:15:59","date_gmt":"2020-05-17T10:15:59","guid":{"rendered":"https:\/\/glaszwerg.com\/?post_type=product&#038;p=3821"},"modified":"2025-02-12T21:12:20","modified_gmt":"2025-02-12T21:12:20","slug":"lesezeichen-klammer","status":"publish","type":"product","link":"https:\/\/glaszwerg.com\/?product=lesezeichen-klammer","title":{"rendered":"Lesezeichen Klammer"},"content":{"rendered":"<p>Ein Buch lesen ist was sch\u00f6nes &#8211; oft wird das Buch dann nat\u00fcrlich wieder weggelegt und wird ein Lesezeichen ben\u00f6tigt &#8211; die Lesezeichen vom Glaszwerg passen sicher bestens dazu! Die Glasperlen fertige ich an meinem Brenner haupts\u00e4chlich aus Muranoglas, aber auch aus Glas aus Lauscha. Die Perlen werden danach nat\u00fcrlich im Ofen kontrolliert abgek\u00fchlt, um die Spannungen im Glas weiter abzubauen.<\/p>\n<p>Die Lesezeichen k\u00f6nnen auch auf Wunsch gefertigt werden, ich versuche gew\u00fcnschte Motive und Farben umzusetzen. Daf\u00fcr gerne eine Nachricht per Email an glaszwerg@web.de oder als Kommentar bei der Bestellung.<\/p>\n<p>Anmerkung gem. Produktsicherheitsverordnung:<br \/>\nIch fertige jede Glasperle in meinem Atelier selbst. Daf\u00fcr verwende ich italienisches Glas aus Murano und auch deutsches Weichglas aus Lauscha und Reichenbach. Jede Glasperle ist ein Unikat, keine gleicht der anderen, es ist alles Handarbeit. Wenn die Glasperle am Brenner fertig geformt ist, entspannt sie sich im Temperofen. Dadurch verl\u00e4ngert sich die Lebenszeit der Glasperle erheblich. Jede Glasperle wird vor dem Versand im Perlenkanal ges\u00e4ubert und dann weiterverarbeitet. Perlen f\u00fcr Anh\u00e4nger werden immer mit Edelstahlstiften und -Karabiner versehen. Blumenstecker-Perlen sind immer auf Edelstahlst\u00e4ben gearbeitet. Einige Anh\u00e4nger werden mit Papiertag ausgeliefert. Diese fertige ich ebenfalls alle selbst zu Hause im Glaszwergenreich. Bei weiteren Fragen schickt mir gerne eine Email an <a href=\"mailto:glaszwerg@web.de\">glaszwerg@web.de<\/a> .<\/p>\n","protected":false},"excerpt":{"rendered":"<p>Lesezeichen als Klammer<\/p>\n","protected":false},"featured_media":3822,"comment_status":"open","ping_status":"closed","template":"","meta":{"_exactmetrics_skip_tracking":false,"_exactmetrics_sitenote_active":false,"_exactmetrics_sitenote_note":"","_exactmetrics_sitenote_category":0},"product_brand":[],"product_cat":[461,279],"product_tag":[464,463,462],"class_list":{"0":"post-3821","1":"product","2":"type-product","3":"status-publish","4":"has-post-thumbnail","6":"product_cat-lesezeichen","7":"product_cat-schreib-mal-wieder","8":"product_tag-buecherwurm","9":"product_tag-lesezeichen","10":"product_tag-planner","12":"first","13":"instock","14":"shipping-taxable","15":"purchasable","16":"product-type-simple"},"jetpack_sharing_enabled":true,"_links":{"self":[{"href":"https:\/\/glaszwerg.com\/index.php?rest_route=\/wp\/v2\/product\/3821","targetHints":{"allow":["GET"]}}],"collection":[{"href":"https:\/\/glaszwerg.com\/index.php?rest_route=\/wp\/v2\/product"}],"about":[{"href":"https:\/\/glaszwerg.com\/index.php?rest_route=\/wp\/v2\/types\/product"}],"replies":[{"embeddable":true,"href":"https:\/\/glaszwerg.com\/index.php?rest_route=%2Fwp%2Fv2%2Fcomments&post=3821"}],"wp:featuredmedia":[{"embeddable":true,"href":"https:\/\/glaszwerg.com\/index.php?rest_route=\/wp\/v2\/media\/3822"}],"wp:attachment":[{"href":"https:\/\/glaszwerg.com\/index.php?rest_route=%2Fwp%2Fv2%2Fmedia&parent=3821"}],"wp:term":[{"taxonomy":"product_brand","embeddable":true,"href":"https:\/\/glaszwerg.com\/index.php?rest_route=%2Fwp%2Fv2%2Fproduct_brand&post=3821"},{"taxonomy":"product_cat","embeddable":true,"href":"https:\/\/glaszwerg.com\/index.php?rest_route=%2Fwp%2Fv2%2Fproduct_cat&post=3821"},{"taxonomy":"product_tag","embeddable":true,"href":"https:\/\/glaszwerg.com\/index.php?rest_route=%2Fwp%2Fv2%2Fproduct_tag&post=3821"}],"curies":[{"name":"wp","href":"https:\/\/api.w.org\/{rel}","templated":true}]}}