{"id":3854,"date":"2020-05-28T06:54:40","date_gmt":"2020-05-28T06:54:40","guid":{"rendered":"https:\/\/glaszwerg.com\/?post_type=product&#038;p=3854"},"modified":"2025-02-12T21:09:31","modified_gmt":"2025-02-12T21:09:31","slug":"latte-macchiato-to-go","status":"publish","type":"product","link":"https:\/\/glaszwerg.com\/?product=latte-macchiato-to-go","title":{"rendered":"Latte Macchiato to go"},"content":{"rendered":"<p>To Go Coffee ist ja grundst\u00e4tzlich beliebt &#8211; also hab ich nat\u00fcrlich auch was aus Glas dazu&#8230; Bei mir ist es Latte Macchiato to go&#8230;. to go with you mit dem Armband, der Lieblingskette, dem Schl\u00fcssel, dem Zipp,&#8230;. und und und und.. immer mit dabei, denn der Edelstahlkarabiner l\u00e4sst sich bequem \u00fcberall anklippsen.<\/p>\n<p>Der Latte Macchiato ist handgefertigt, jedes St\u00fcck ist ein Unikat und es kann leichte Abweichungen zu den Bildern geben. Handarbeit erfindet sich eben immer neu. Die verwendeten Gl\u00e4ser kommen aber hier allesamt aus Italien. Nat\u00fcrlich darf auch dieser Anh\u00e4nger kontrolliert im Ofen abk\u00fchlen, um Spannungen aus dem Glas zu nehmen. Alles was an Metall f\u00fcr den Anh\u00e4nger verwendet wird, ist aus Edelstahl und somit auch f\u00fcr Outdoor geeignet (Rucksack zum Beispiel).<\/p>\n<p>Anmerkung gem. Produktsicherheitsverordnung:<br \/>\nIch fertige jede Glasperle in meinem Atelier selbst. Daf\u00fcr verwende ich italienisches Glas aus Murano und auch deutsches Weichglas aus Lauscha und Reichenbach. Jede Glasperle ist ein Unikat, keine gleicht der anderen, es ist alles Handarbeit. Wenn die Glasperle am Brenner fertig geformt ist, entspannt sie sich im Temperofen. Dadurch verl\u00e4ngert sich die Lebenszeit der Glasperle erheblich. Jede Glasperle wird vor dem Versand im Perlenkanal ges\u00e4ubert und dann weiterverarbeitet. Perlen f\u00fcr Anh\u00e4nger werden immer mit Edelstahlstiften und -Karabiner versehen. Blumenstecker-Perlen sind immer auf Edelstahlst\u00e4ben gearbeitet. Einige Anh\u00e4nger werden mit Papiertag ausgeliefert. Diese fertige ich ebenfalls alle selbst zu Hause im Glaszwergenreich. Bei weiteren Fragen schickt mir gerne eine Email an <a href=\"mailto:glaszwerg@web.de\">glaszwerg@web.de<\/a> .<\/p>\n","protected":false},"excerpt":{"rendered":"<p>Latte Macchiato als Anh\u00e4nger<\/p>\n","protected":false},"featured_media":3856,"comment_status":"open","ping_status":"closed","template":"","meta":{"_exactmetrics_skip_tracking":false,"_exactmetrics_sitenote_active":false,"_exactmetrics_sitenote_note":"","_exactmetrics_sitenote_category":0},"product_brand":[],"product_cat":[285],"product_tag":[286,473,476,475,474],"class_list":{"0":"post-3854","1":"product","2":"type-product","3":"status-publish","4":"has-post-thumbnail","6":"product_cat-anhaenger","7":"product_tag-anhaenger","8":"product_tag-kaffee","9":"product_tag-kaffeeliebe","10":"product_tag-latte-macchiato","11":"product_tag-team-kaffee","13":"first","14":"instock","15":"shipping-taxable","16":"purchasable","17":"product-type-simple"},"jetpack_sharing_enabled":true,"_links":{"self":[{"href":"https:\/\/glaszwerg.com\/index.php?rest_route=\/wp\/v2\/product\/3854","targetHints":{"allow":["GET"]}}],"collection":[{"href":"https:\/\/glaszwerg.com\/index.php?rest_route=\/wp\/v2\/product"}],"about":[{"href":"https:\/\/glaszwerg.com\/index.php?rest_route=\/wp\/v2\/types\/product"}],"replies":[{"embeddable":true,"href":"https:\/\/glaszwerg.com\/index.php?rest_route=%2Fwp%2Fv2%2Fcomments&post=3854"}],"wp:featuredmedia":[{"embeddable":true,"href":"https:\/\/glaszwerg.com\/index.php?rest_route=\/wp\/v2\/media\/3856"}],"wp:attachment":[{"href":"https:\/\/glaszwerg.com\/index.php?rest_route=%2Fwp%2Fv2%2Fmedia&parent=3854"}],"wp:term":[{"taxonomy":"product_brand","embeddable":true,"href":"https:\/\/glaszwerg.com\/index.php?rest_route=%2Fwp%2Fv2%2Fproduct_brand&post=3854"},{"taxonomy":"product_cat","embeddable":true,"href":"https:\/\/glaszwerg.com\/index.php?rest_route=%2Fwp%2Fv2%2Fproduct_cat&post=3854"},{"taxonomy":"product_tag","embeddable":true,"href":"https:\/\/glaszwerg.com\/index.php?rest_route=%2Fwp%2Fv2%2Fproduct_tag&post=3854"}],"curies":[{"name":"wp","href":"https:\/\/api.w.org\/{rel}","templated":true}]}}