{"id":3901,"date":"2020-06-09T20:08:38","date_gmt":"2020-06-09T20:08:38","guid":{"rendered":"https:\/\/glaszwerg.com\/?post_type=product&#038;p=3901"},"modified":"2025-02-12T21:06:09","modified_gmt":"2025-02-12T21:06:09","slug":"buecherwurm","status":"publish","type":"product","link":"https:\/\/glaszwerg.com\/?product=buecherwurm","title":{"rendered":"B\u00fccherwurm mit Papierlesezeichen"},"content":{"rendered":"<p>Der B\u00fccherwurm ist immer ein guter Begleiter&#8230; er kann aber auch in allen Wunschfarben &#8211; gerne auch passend zum Buchcover oder in der Lieblingsfarbe &#8211; auch so sch\u00f6n verschenkt werden. Auf jeden Fall ist der Wurm immer freigeformt und meist aus Muranoglas und nat\u00fcrlich im \u00d6fchen kontrolliert und langsam abgek\u00fchlt. Das Leseszeichen selbst ist aus Papier auch handmade . Eine kleine zweite Perle h\u00e4ngt auch noch am Lesezeichen.<\/p>\n<p>Bei der Bestellung bitte die Wunschfarbe angeben!<\/p>\n<p>Anmerkung gem. Produktsicherheitsverordnung:<br \/>\nIch fertige jede Glasperle in meinem Atelier selbst. Daf\u00fcr verwende ich italienisches Glas aus Murano und auch deutsches Weichglas aus Lauscha und Reichenbach. Jede Glasperle ist ein Unikat, keine gleicht der anderen, es ist alles Handarbeit. Wenn die Glasperle am Brenner fertig geformt ist, entspannt sie sich im Temperofen. Dadurch verl\u00e4ngert sich die Lebenszeit der Glasperle erheblich. Jede Glasperle wird vor dem Versand im Perlenkanal ges\u00e4ubert und dann weiterverarbeitet. Perlen f\u00fcr Anh\u00e4nger werden immer mit Edelstahlstiften und -Karabiner versehen. Blumenstecker-Perlen sind immer auf Edelstahlst\u00e4ben gearbeitet. Einige Anh\u00e4nger werden mit Papiertag ausgeliefert. Diese fertige ich ebenfalls alle selbst zu Hause im Glaszwergenreich. Bei weiteren Fragen schickt mir gerne eine Email an <a href=\"mailto:glaszwerg@web.de\">glaszwerg@web.de<\/a> .<\/p>\n","protected":false},"excerpt":{"rendered":"<p>B\u00fccherwurm mit gro\u00dfem Lesezeichen aus Papier<\/p>\n","protected":false},"featured_media":5579,"comment_status":"open","ping_status":"closed","template":"","meta":{"_exactmetrics_skip_tracking":false,"_exactmetrics_sitenote_active":false,"_exactmetrics_sitenote_note":"","_exactmetrics_sitenote_category":0},"product_brand":[],"product_cat":[461],"product_tag":[464,495],"class_list":{"0":"post-3901","1":"product","2":"type-product","3":"status-publish","4":"has-post-thumbnail","6":"product_cat-lesezeichen","7":"product_tag-buecherwurm","8":"product_tag-leseszeichen","10":"first","11":"instock","12":"shipping-taxable","13":"purchasable","14":"product-type-simple"},"jetpack_sharing_enabled":true,"_links":{"self":[{"href":"https:\/\/glaszwerg.com\/index.php?rest_route=\/wp\/v2\/product\/3901","targetHints":{"allow":["GET"]}}],"collection":[{"href":"https:\/\/glaszwerg.com\/index.php?rest_route=\/wp\/v2\/product"}],"about":[{"href":"https:\/\/glaszwerg.com\/index.php?rest_route=\/wp\/v2\/types\/product"}],"replies":[{"embeddable":true,"href":"https:\/\/glaszwerg.com\/index.php?rest_route=%2Fwp%2Fv2%2Fcomments&post=3901"}],"wp:featuredmedia":[{"embeddable":true,"href":"https:\/\/glaszwerg.com\/index.php?rest_route=\/wp\/v2\/media\/5579"}],"wp:attachment":[{"href":"https:\/\/glaszwerg.com\/index.php?rest_route=%2Fwp%2Fv2%2Fmedia&parent=3901"}],"wp:term":[{"taxonomy":"product_brand","embeddable":true,"href":"https:\/\/glaszwerg.com\/index.php?rest_route=%2Fwp%2Fv2%2Fproduct_brand&post=3901"},{"taxonomy":"product_cat","embeddable":true,"href":"https:\/\/glaszwerg.com\/index.php?rest_route=%2Fwp%2Fv2%2Fproduct_cat&post=3901"},{"taxonomy":"product_tag","embeddable":true,"href":"https:\/\/glaszwerg.com\/index.php?rest_route=%2Fwp%2Fv2%2Fproduct_tag&post=3901"}],"curies":[{"name":"wp","href":"https:\/\/api.w.org\/{rel}","templated":true}]}}