{"id":3921,"date":"2020-06-21T08:38:15","date_gmt":"2020-06-21T08:38:15","guid":{"rendered":"https:\/\/glaszwerg.com\/?post_type=product&#038;p=3921"},"modified":"2025-02-12T21:04:54","modified_gmt":"2025-02-12T21:04:54","slug":"sumsi-mit-po","status":"publish","type":"product","link":"https:\/\/glaszwerg.com\/?product=sumsi-mit-po","title":{"rendered":"Sumsi mit Po"},"content":{"rendered":"<p>Sumsi mit Po&#8230; manchmal dauert es etwas l\u00e4nger, mal geht es ganz schnell, dass der Witz des Satzes auch verstanden wird (wirklich zu Marktzeiten sehr lustig zu beobachten) &#8230; aber es ist einer meiner Lieblingsspr\u00fcche geworden und er passt einfach perfekt zu meiner kleinen feinen Biene&#8230; das Bienchen ist nat\u00fcrlich frei geformt, aus Murano-Glas hergestellt und im \u00d6fchen ordentlich getempert, um die Spannungen aus dem Glas zu nehmen. Sumsi ist schon an einen Karabiner gewerkelt, der Karabiner ist wie der Metallstift auch, aus Edelstahl und vertr\u00e4gt auch Feuchtigkeit &#8211; somit kann Sumsi eine treue Begleiterin an Schulranzen oder Zipps der Lieblingsjacke sein, ebenso wie am Schl\u00fcsselbund oder am R\u00fcckspiegel im Auto baumeln. Sumsi ist ungef\u00e4hr einen Zentimeter lang, eher etwas k\u00fcrzer.<\/p>\n<p>Anmerkung gem. Produktsicherheitsverordnung:<br \/>\nIch fertige jede Glasperle in meinem Atelier selbst. Daf\u00fcr verwende ich italienisches Glas aus Murano und auch deutsches Weichglas aus Lauscha und Reichenbach. Jede Glasperle ist ein Unikat, keine gleicht der anderen, es ist alles Handarbeit. Wenn die Glasperle am Brenner fertig geformt ist, entspannt sie sich im Temperofen. Dadurch verl\u00e4ngert sich die Lebenszeit der Glasperle erheblich. Jede Glasperle wird vor dem Versand im Perlenkanal ges\u00e4ubert und dann weiterverarbeitet. Perlen f\u00fcr Anh\u00e4nger werden immer mit Edelstahlstiften und -Karabiner versehen. Blumenstecker-Perlen sind immer auf Edelstahlst\u00e4ben gearbeitet. Einige Anh\u00e4nger werden mit Papiertag ausgeliefert. Diese fertige ich ebenfalls alle selbst zu Hause im Glaszwergenreich. Bei weiteren Fragen schickt mir gerne eine Email an <a href=\"mailto:glaszwerg@web.de\">glaszwerg@web.de<\/a> .<\/p>\n","protected":false},"excerpt":{"rendered":"<p>Bienchen aus Murano-Glas mit Edelstahl-Karabiner<\/p>\n","protected":false},"featured_media":3923,"comment_status":"open","ping_status":"closed","template":"","meta":{"_exactmetrics_skip_tracking":false,"_exactmetrics_sitenote_active":false,"_exactmetrics_sitenote_note":"","_exactmetrics_sitenote_category":0},"product_brand":[],"product_cat":[285,295],"product_tag":[286,507,283,506],"class_list":{"0":"post-3921","1":"product","2":"type-product","3":"status-publish","4":"has-post-thumbnail","6":"product_cat-anhaenger","7":"product_cat-tierisch","8":"product_tag-anhaenger","9":"product_tag-bienchen","10":"product_tag-biene","11":"product_tag-sumsi","13":"first","14":"instock","15":"shipping-taxable","16":"purchasable","17":"product-type-simple"},"jetpack_sharing_enabled":true,"_links":{"self":[{"href":"https:\/\/glaszwerg.com\/index.php?rest_route=\/wp\/v2\/product\/3921","targetHints":{"allow":["GET"]}}],"collection":[{"href":"https:\/\/glaszwerg.com\/index.php?rest_route=\/wp\/v2\/product"}],"about":[{"href":"https:\/\/glaszwerg.com\/index.php?rest_route=\/wp\/v2\/types\/product"}],"replies":[{"embeddable":true,"href":"https:\/\/glaszwerg.com\/index.php?rest_route=%2Fwp%2Fv2%2Fcomments&post=3921"}],"wp:featuredmedia":[{"embeddable":true,"href":"https:\/\/glaszwerg.com\/index.php?rest_route=\/wp\/v2\/media\/3923"}],"wp:attachment":[{"href":"https:\/\/glaszwerg.com\/index.php?rest_route=%2Fwp%2Fv2%2Fmedia&parent=3921"}],"wp:term":[{"taxonomy":"product_brand","embeddable":true,"href":"https:\/\/glaszwerg.com\/index.php?rest_route=%2Fwp%2Fv2%2Fproduct_brand&post=3921"},{"taxonomy":"product_cat","embeddable":true,"href":"https:\/\/glaszwerg.com\/index.php?rest_route=%2Fwp%2Fv2%2Fproduct_cat&post=3921"},{"taxonomy":"product_tag","embeddable":true,"href":"https:\/\/glaszwerg.com\/index.php?rest_route=%2Fwp%2Fv2%2Fproduct_tag&post=3921"}],"curies":[{"name":"wp","href":"https:\/\/api.w.org\/{rel}","templated":true}]}}