{"id":3936,"date":"2020-06-25T16:13:08","date_gmt":"2020-06-25T16:13:08","guid":{"rendered":"https:\/\/glaszwerg.com\/?post_type=product&#038;p=3936"},"modified":"2025-02-12T21:02:50","modified_gmt":"2025-02-12T21:02:50","slug":"marienkaefer-zum-stecken","status":"publish","type":"product","link":"https:\/\/glaszwerg.com\/?product=marienkaefer-zum-stecken","title":{"rendered":"Marienk\u00e4fer zum Stecken"},"content":{"rendered":"<p>Der kleine rote Marienk\u00e4fer macht sich hervorragend in einem kleinen bunten Blumentopf, aber auch eine Orchidee kann damit geschm\u00fcckt werden. Aber auch im bunt bl\u00fchenden Balkonk\u00e4stchen macht er auf jeden Fall einen guten Eindruck und durch den etwas verhuschten Blick (ich kann sie gar nicht anders), kommt sicher auch gute Laune auf.<\/p>\n<p>Jedes K\u00e4ferchen ist auf einem Edelstahlstab (Fahrradspeiche) gefertigt, somit steht einem Einsatz im freien, auch ohne Regenschutz, nichts im Wege. Die K\u00e4fer fallen alle ein wenig unterschiedlich gro\u00df aus, der Blick kann von dem am Foto abweichen, manche sitzen gerade auf dem Stab, manche ein wenig schr\u00e4g. Das ergibt sich einfach durch die Handarbeit, denn jedes K\u00e4ferchen fertige ich selbst liebevoll an meinem Brenner in meinem Atelier. Die K\u00e4fer sind aus Murano-Glas gefertigt und werden zum Abk\u00fchlen im Temperofen abgelegt, um Spannungen aus dem Glas zu nehmen.<\/p>\n<p>Anmerkung gem. Produktsicherheitsverordnung:<br \/>\nIch fertige jede Glasperle in meinem Atelier selbst. Daf\u00fcr verwende ich italienisches Glas aus Murano und auch deutsches Weichglas aus Lauscha und Reichenbach. Jede Glasperle ist ein Unikat, keine gleicht der anderen, es ist alles Handarbeit. Wenn die Glasperle am Brenner fertig geformt ist, entspannt sie sich im Temperofen. Dadurch verl\u00e4ngert sich die Lebenszeit der Glasperle erheblich. Jede Glasperle wird vor dem Versand im Perlenkanal ges\u00e4ubert und dann weiterverarbeitet. Perlen f\u00fcr Anh\u00e4nger werden immer mit Edelstahlstiften und -Karabiner versehen. Blumenstecker-Perlen sind immer auf Edelstahlst\u00e4ben gearbeitet. Einige Anh\u00e4nger werden mit Papiertag ausgeliefert. Diese fertige ich ebenfalls alle selbst zu Hause im Glaszwergenreich. Bei weiteren Fragen schickt mir gerne eine Email an <a href=\"mailto:glaszwerg@web.de\">glaszwerg@web.de<\/a> .<\/p>\n","protected":false},"excerpt":{"rendered":"<p>K\u00e4ferchen zum Stecken<\/p>\n","protected":false},"featured_media":3908,"comment_status":"open","ping_status":"closed","template":"","meta":{"_exactmetrics_skip_tracking":false,"_exactmetrics_sitenote_active":false,"_exactmetrics_sitenote_note":"","_exactmetrics_sitenote_category":0},"product_brand":[],"product_cat":[294,295],"product_tag":[296,516,514,515,297],"class_list":{"0":"post-3936","1":"product","2":"type-product","3":"status-publish","4":"has-post-thumbnail","6":"product_cat-blumenstecker","7":"product_cat-tierisch","8":"product_tag-blumenstecker","9":"product_tag-deko","10":"product_tag-kaefer","11":"product_tag-marienkaefer","12":"product_tag-tierisch","14":"first","15":"instock","16":"shipping-taxable","17":"purchasable","18":"product-type-simple"},"jetpack_sharing_enabled":true,"_links":{"self":[{"href":"https:\/\/glaszwerg.com\/index.php?rest_route=\/wp\/v2\/product\/3936","targetHints":{"allow":["GET"]}}],"collection":[{"href":"https:\/\/glaszwerg.com\/index.php?rest_route=\/wp\/v2\/product"}],"about":[{"href":"https:\/\/glaszwerg.com\/index.php?rest_route=\/wp\/v2\/types\/product"}],"replies":[{"embeddable":true,"href":"https:\/\/glaszwerg.com\/index.php?rest_route=%2Fwp%2Fv2%2Fcomments&post=3936"}],"wp:featuredmedia":[{"embeddable":true,"href":"https:\/\/glaszwerg.com\/index.php?rest_route=\/wp\/v2\/media\/3908"}],"wp:attachment":[{"href":"https:\/\/glaszwerg.com\/index.php?rest_route=%2Fwp%2Fv2%2Fmedia&parent=3936"}],"wp:term":[{"taxonomy":"product_brand","embeddable":true,"href":"https:\/\/glaszwerg.com\/index.php?rest_route=%2Fwp%2Fv2%2Fproduct_brand&post=3936"},{"taxonomy":"product_cat","embeddable":true,"href":"https:\/\/glaszwerg.com\/index.php?rest_route=%2Fwp%2Fv2%2Fproduct_cat&post=3936"},{"taxonomy":"product_tag","embeddable":true,"href":"https:\/\/glaszwerg.com\/index.php?rest_route=%2Fwp%2Fv2%2Fproduct_tag&post=3936"}],"curies":[{"name":"wp","href":"https:\/\/api.w.org\/{rel}","templated":true}]}}