{"id":3939,"date":"2020-06-29T20:33:14","date_gmt":"2020-06-29T20:33:14","guid":{"rendered":"https:\/\/glaszwerg.com\/?post_type=product&#038;p=3939"},"modified":"2025-02-12T21:02:08","modified_gmt":"2025-02-12T21:02:08","slug":"schildkroete","status":"publish","type":"product","link":"https:\/\/glaszwerg.com\/?product=schildkroete","title":{"rendered":"Schildkr\u00f6te"},"content":{"rendered":"<p>Schildkr\u00f6ten halten Winterschlaf. Die Schildkr\u00f6ten vom Glaszwerg nicht. Sie sind bunt und munter das ganze Jahr \u00fcber. Sie k\u00f6nnen mit dem Edelstahlkarabiner \u00fcberall angeknipst werden. An die Lieblingskette, an den den Zipp der Lieblingsjacke oder an das Federm\u00e4ppchen. Die Schildkr\u00f6ten werden alle freigeformt und sind daher immer ein Unikat. St\u00fcck f\u00fcr St\u00fcck. Bei Bestellung k\u00f6nnen gerne Farbw\u00fcnsche angegeben werden und ich versuche, sie umzusetzen.<\/p>\n<p>Die Schildkr\u00f6ten werden meist aus italienischem Glas an meinem Brenner im Glaszwergenreich gefertigt. Das hei\u00dfe Glas k\u00fchlt danach kontrolliert im Ofen ab, dieser Vorgang dauert einige Stunden und dient dazu, die Spannungen aus dem Glas zu nehmen, um die Haltbarkeit zu erh\u00f6hen.<\/p>\n<p>Anmerkung gem. Produktsicherheitsverordnung:<br \/>\nIch fertige jede Glasperle in meinem Atelier selbst. Daf\u00fcr verwende ich italienisches Glas aus Murano und auch deutsches Weichglas aus Lauscha und Reichenbach. Jede Glasperle ist ein Unikat, keine gleicht der anderen, es ist alles Handarbeit. Wenn die Glasperle am Brenner fertig geformt ist, entspannt sie sich im Temperofen. Dadurch verl\u00e4ngert sich die Lebenszeit der Glasperle erheblich. Jede Glasperle wird vor dem Versand im Perlenkanal ges\u00e4ubert und dann weiterverarbeitet. Perlen f\u00fcr Anh\u00e4nger werden immer mit Edelstahlstiften und -Karabiner versehen. Blumenstecker-Perlen sind immer auf Edelstahlst\u00e4ben gearbeitet. Einige Anh\u00e4nger werden mit Papiertag ausgeliefert. Diese fertige ich ebenfalls alle selbst zu Hause im Glaszwergenreich. Bei weiteren Fragen schickt mir gerne eine Email an <a href=\"mailto:glaszwerg@web.de\">glaszwerg@web.de<\/a> .<\/p>\n","protected":false},"excerpt":{"rendered":"<p>Bunte Schildkr\u00f6te mit kleiner bunter Implosion im Panzer<\/p>\n","protected":false},"featured_media":3940,"comment_status":"open","ping_status":"closed","template":"","meta":{"_exactmetrics_skip_tracking":false,"_exactmetrics_sitenote_active":false,"_exactmetrics_sitenote_note":"","_exactmetrics_sitenote_category":0},"product_brand":[],"product_cat":[285,510,295],"product_tag":[286,517],"class_list":{"0":"post-3939","1":"product","2":"type-product","3":"status-publish","4":"has-post-thumbnail","6":"product_cat-anhaenger","7":"product_cat-schluesselanhaenger","8":"product_cat-tierisch","9":"product_tag-anhaenger","10":"product_tag-schildkroete","12":"first","13":"instock","14":"shipping-taxable","15":"purchasable","16":"product-type-simple"},"jetpack_sharing_enabled":true,"_links":{"self":[{"href":"https:\/\/glaszwerg.com\/index.php?rest_route=\/wp\/v2\/product\/3939","targetHints":{"allow":["GET"]}}],"collection":[{"href":"https:\/\/glaszwerg.com\/index.php?rest_route=\/wp\/v2\/product"}],"about":[{"href":"https:\/\/glaszwerg.com\/index.php?rest_route=\/wp\/v2\/types\/product"}],"replies":[{"embeddable":true,"href":"https:\/\/glaszwerg.com\/index.php?rest_route=%2Fwp%2Fv2%2Fcomments&post=3939"}],"wp:featuredmedia":[{"embeddable":true,"href":"https:\/\/glaszwerg.com\/index.php?rest_route=\/wp\/v2\/media\/3940"}],"wp:attachment":[{"href":"https:\/\/glaszwerg.com\/index.php?rest_route=%2Fwp%2Fv2%2Fmedia&parent=3939"}],"wp:term":[{"taxonomy":"product_brand","embeddable":true,"href":"https:\/\/glaszwerg.com\/index.php?rest_route=%2Fwp%2Fv2%2Fproduct_brand&post=3939"},{"taxonomy":"product_cat","embeddable":true,"href":"https:\/\/glaszwerg.com\/index.php?rest_route=%2Fwp%2Fv2%2Fproduct_cat&post=3939"},{"taxonomy":"product_tag","embeddable":true,"href":"https:\/\/glaszwerg.com\/index.php?rest_route=%2Fwp%2Fv2%2Fproduct_tag&post=3939"}],"curies":[{"name":"wp","href":"https:\/\/api.w.org\/{rel}","templated":true}]}}