{"id":3959,"date":"2020-07-07T20:26:44","date_gmt":"2020-07-07T20:26:44","guid":{"rendered":"https:\/\/glaszwerg.com\/?post_type=product&#038;p=3959"},"modified":"2025-02-12T21:01:24","modified_gmt":"2025-02-12T21:01:24","slug":"wikinger","status":"publish","type":"product","link":"https:\/\/glaszwerg.com\/?product=wikinger","title":{"rendered":"Wikinger"},"content":{"rendered":"<p>Wenn einem am Schreibtisch ein kleiner Wikinger w\u00e4hrend der Arbeit im HomeOffice zusieht, dann geht die Arbeit doch gleich viel leichter von der Hand, oder etwa nicht?<\/p>\n<p>Selbstgemacht, freigeformt und jeder ein absolutes Unikat. Aus Murano-Glas und im Ofen getempert. Gr\u00f6\u00dfe und Ausf\u00fchrung k\u00f6nnen leicht variieren. Die Wikinger krabbeln nach der Herstellung immer ganz m\u00fcde in den Ofen und entspannen sich dort ein wenig, damit sie dann energiegeladen auf ihre Adoption warten.<\/p>\n<p>Anmerkung gem. Produktsicherheitsverordnung:<br \/>\nIch fertige jede Glasperle in meinem Atelier selbst. Daf\u00fcr verwende ich italienisches Glas aus Murano und auch deutsches Weichglas aus Lauscha und Reichenbach. Jede Glasperle ist ein Unikat, keine gleicht der anderen, es ist alles Handarbeit. Wenn die Glasperle am Brenner fertig geformt ist, entspannt sie sich im Temperofen. Dadurch verl\u00e4ngert sich die Lebenszeit der Glasperle erheblich. Jede Glasperle wird vor dem Versand im Perlenkanal ges\u00e4ubert und dann weiterverarbeitet. Perlen f\u00fcr Anh\u00e4nger werden immer mit Edelstahlstiften und -Karabiner versehen. Blumenstecker-Perlen sind immer auf Edelstahlst\u00e4ben gearbeitet. Einige Anh\u00e4nger werden mit Papiertag ausgeliefert. Diese fertige ich ebenfalls alle selbst zu Hause im Glaszwergenreich. Bei weiteren Fragen schickt mir gerne eine Email an <a href=\"mailto:glaszwerg@web.de\">glaszwerg@web.de<\/a> .<\/p>\n<p>&nbsp;<\/p>\n","protected":false},"excerpt":{"rendered":"<p>Ein Schreibtischw\u00e4chter ist eine kleine Glasfigur, die keine durchg\u00e4ngige Lochung besitzt und daher als W\u00e4chter aufpasst.. auf dem Schreibtisch oder im Setzkasten.\u00a0 Und Wikinger machen sich da wirklich sehr gut!<\/p>\n","protected":false},"featured_media":3957,"comment_status":"open","ping_status":"closed","template":"","meta":{"_exactmetrics_skip_tracking":false,"_exactmetrics_sitenote_active":false,"_exactmetrics_sitenote_note":"","_exactmetrics_sitenote_category":0},"product_brand":[],"product_cat":[240],"product_tag":[244,527],"class_list":{"0":"post-3959","1":"product","2":"type-product","3":"status-publish","4":"has-post-thumbnail","6":"product_cat-schreibtischwaechter","7":"product_tag-schreibtischwaechter","8":"product_tag-wikinger","10":"first","11":"instock","12":"shipping-taxable","13":"purchasable","14":"product-type-simple"},"jetpack_sharing_enabled":true,"_links":{"self":[{"href":"https:\/\/glaszwerg.com\/index.php?rest_route=\/wp\/v2\/product\/3959","targetHints":{"allow":["GET"]}}],"collection":[{"href":"https:\/\/glaszwerg.com\/index.php?rest_route=\/wp\/v2\/product"}],"about":[{"href":"https:\/\/glaszwerg.com\/index.php?rest_route=\/wp\/v2\/types\/product"}],"replies":[{"embeddable":true,"href":"https:\/\/glaszwerg.com\/index.php?rest_route=%2Fwp%2Fv2%2Fcomments&post=3959"}],"wp:featuredmedia":[{"embeddable":true,"href":"https:\/\/glaszwerg.com\/index.php?rest_route=\/wp\/v2\/media\/3957"}],"wp:attachment":[{"href":"https:\/\/glaszwerg.com\/index.php?rest_route=%2Fwp%2Fv2%2Fmedia&parent=3959"}],"wp:term":[{"taxonomy":"product_brand","embeddable":true,"href":"https:\/\/glaszwerg.com\/index.php?rest_route=%2Fwp%2Fv2%2Fproduct_brand&post=3959"},{"taxonomy":"product_cat","embeddable":true,"href":"https:\/\/glaszwerg.com\/index.php?rest_route=%2Fwp%2Fv2%2Fproduct_cat&post=3959"},{"taxonomy":"product_tag","embeddable":true,"href":"https:\/\/glaszwerg.com\/index.php?rest_route=%2Fwp%2Fv2%2Fproduct_tag&post=3959"}],"curies":[{"name":"wp","href":"https:\/\/api.w.org\/{rel}","templated":true}]}}