{"id":4011,"date":"2020-07-25T06:44:38","date_gmt":"2020-07-25T06:44:38","guid":{"rendered":"https:\/\/glaszwerg.com\/?post_type=product&#038;p=4011"},"modified":"2026-03-02T01:43:26","modified_gmt":"2026-03-02T01:43:26","slug":"bleistift-mit-kleinem-charm","status":"publish","type":"product","link":"https:\/\/glaszwerg.com\/?product=bleistift-mit-kleinem-charm","title":{"rendered":"Bleistift mit kleinem Charm"},"content":{"rendered":"<p>Ob f\u00fcr Schulanf\u00e4nger oder f\u00fcr den B\u00fcroalltag: ein Bleistift (HB) mit einem kleinen Anh\u00e4nger bekommt man immer gerne geschenkt &#8230; oder schenkt man sich am besten selbst, um den Alltag ein wenig bunter zu machen. Die Anh\u00e4nger aus Glas baumeln an einem kleinen Edelstahlkarabiner. Wenn der Bleistift nur mehr ein kleiner Stummel ist, kann man den Anh\u00e4nger auch an das Federm\u00e4ppchen, die Lieblingskette oder ein Bettelarmband klipsen.<\/p>\n<p>Die Anh\u00e4nger sind vielf\u00e4ltig: Marienk\u00e4fer auf Perle, Bienchen, Fliegenpilz, Bienchen, Krabbe, H\u00e4schen auf Perlchen oder einfach nur Perlchen im Flieppi-Look. Falls es noch andere Ideen gibt, kann ich diese gerne gegen einen geringen Aufpreis von 2 Euro umsetzen (wird nachtr\u00e4glich dazu berechnet). Bei der Bestellung bitte im Kommentarfeld die gew\u00fcnschte Ausf\u00fchrung angeben. Jede Perle ist aus italienischem Glas oder aber auch aus Glas aus Lauscha handgefertigt und somit ein Unikat. Die Perlen sind alle kontrolliert im Ofen getempert und h\u00e4ndisch geputzt und weiterverarbeitet worden.<\/p>\n<p>Anmerkung gem. Produktsicherheitsverordnung:<br \/>\nIch fertige jede Glasperle in meinem Atelier selbst. Daf\u00fcr verwende ich italienisches Glas aus Murano und auch deutsches Weichglas aus Lauscha und Reichenbach. Jede Glasperle ist ein Unikat, keine gleicht der anderen, es ist alles Handarbeit. Wenn die Glasperle am Brenner fertig geformt ist, entspannt sie sich im Temperofen. Dadurch verl\u00e4ngert sich die Lebenszeit der Glasperle erheblich. Jede Glasperle wird vor dem Versand im Perlenkanal ges\u00e4ubert und dann weiterverarbeitet. Perlen f\u00fcr Anh\u00e4nger werden immer mit Edelstahlstiften und -Karabiner versehen. Blumenstecker-Perlen sind immer auf Edelstahlst\u00e4ben gearbeitet. Einige Anh\u00e4nger werden mit Papiertag ausgeliefert. Diese fertige ich ebenfalls alle selbst zu Hause im Glaszwergenreich. Bei weiteren Fragen schickt mir gerne eine Email an <a href=\"mailto:glaszwerg@web.de\">glaszwerg@web.de<\/a> .<\/p>\n","protected":false},"excerpt":{"rendered":"<p>Bleistift mit Anh\u00e4nger aus Glas, Ausf\u00fchrung bitte in Kommentarfeld eingegeben<\/p>\n","protected":false},"featured_media":4013,"comment_status":"open","ping_status":"closed","template":"","meta":{"_exactmetrics_skip_tracking":false,"_exactmetrics_sitenote_active":false,"_exactmetrics_sitenote_note":"","_exactmetrics_sitenote_category":0},"product_brand":[],"product_cat":[285,279,258],"product_tag":[507,304,556,737,515,394,557],"class_list":{"0":"post-4011","1":"product","2":"type-product","3":"status-publish","4":"has-post-thumbnail","6":"product_cat-anhaenger","7":"product_cat-schreib-mal-wieder","8":"product_cat-zubehoer-fuer-lettering-aquarell","9":"product_tag-bienchen","10":"product_tag-bleistift","11":"product_tag-fliegepilz","12":"product_tag-hase","13":"product_tag-marienkaefer","14":"product_tag-schreib-mal-wieder","15":"product_tag-schulanfang","17":"first","18":"instock","19":"shipping-taxable","20":"purchasable","21":"product-type-simple"},"jetpack_sharing_enabled":true,"_links":{"self":[{"href":"https:\/\/glaszwerg.com\/index.php?rest_route=\/wp\/v2\/product\/4011","targetHints":{"allow":["GET"]}}],"collection":[{"href":"https:\/\/glaszwerg.com\/index.php?rest_route=\/wp\/v2\/product"}],"about":[{"href":"https:\/\/glaszwerg.com\/index.php?rest_route=\/wp\/v2\/types\/product"}],"replies":[{"embeddable":true,"href":"https:\/\/glaszwerg.com\/index.php?rest_route=%2Fwp%2Fv2%2Fcomments&post=4011"}],"wp:featuredmedia":[{"embeddable":true,"href":"https:\/\/glaszwerg.com\/index.php?rest_route=\/wp\/v2\/media\/4013"}],"wp:attachment":[{"href":"https:\/\/glaszwerg.com\/index.php?rest_route=%2Fwp%2Fv2%2Fmedia&parent=4011"}],"wp:term":[{"taxonomy":"product_brand","embeddable":true,"href":"https:\/\/glaszwerg.com\/index.php?rest_route=%2Fwp%2Fv2%2Fproduct_brand&post=4011"},{"taxonomy":"product_cat","embeddable":true,"href":"https:\/\/glaszwerg.com\/index.php?rest_route=%2Fwp%2Fv2%2Fproduct_cat&post=4011"},{"taxonomy":"product_tag","embeddable":true,"href":"https:\/\/glaszwerg.com\/index.php?rest_route=%2Fwp%2Fv2%2Fproduct_tag&post=4011"}],"curies":[{"name":"wp","href":"https:\/\/api.w.org\/{rel}","templated":true}]}}