{"id":4042,"date":"2020-08-03T06:59:58","date_gmt":"2020-08-03T06:59:58","guid":{"rendered":"https:\/\/glaszwerg.com\/?post_type=product&#038;p=4042"},"modified":"2025-02-12T20:58:18","modified_gmt":"2025-02-12T20:58:18","slug":"fliegenpilz-moos-stecker","status":"publish","type":"product","link":"https:\/\/glaszwerg.com\/?product=fliegenpilz-moos-stecker","title":{"rendered":"Fliegenpilz Moos-Stecker"},"content":{"rendered":"<p>Mann\/Frau kann nie genug Gl\u00fcck haben, oder? Und dann noch so dekorativ! Die kleinen Fliegenpilze sind alle freigeformt. Dabei trage ich das hei\u00dfe Glas an das Ende eines Edelstahldrahtes auf, damit der Pilz im Moos perfekt fest sitzen kann. Die L\u00e4nge des Edelstahlstiftes kann ebenso variieren wie auch die Gr\u00f6\u00dfe und Form des Fliegenpilzes, daf\u00fcr ist jedes St\u00fcck ein Unikat.<\/p>\n<p>Auf Wunsch kann ich die Farbe des Fliegenpilzes nat\u00fcrlich ver\u00e4ndern. Daf\u00fcr bei der Bestellung bitte im Kommentarfeld eine Nachricht einf\u00fcgen oder eine Email nach der Bestellung an <a href=\"mailto:glaszwerg@web.de\">glaszwerg@web.de<\/a> senden.<\/p>\n<p>Anmerkung gem. Produktsicherheitsverordnung:<br \/>\nIch fertige jede Glasperle in meinem Atelier selbst. Daf\u00fcr verwende ich italienisches Glas aus Murano und auch deutsches Weichglas aus Lauscha und Reichenbach. Jede Glasperle ist ein Unikat, keine gleicht der anderen, es ist alles Handarbeit. Wenn die Glasperle am Brenner fertig geformt ist, entspannt sie sich im Temperofen. Dadurch verl\u00e4ngert sich die Lebenszeit der Glasperle erheblich. Jede Glasperle wird vor dem Versand im Perlenkanal ges\u00e4ubert und dann weiterverarbeitet. Perlen f\u00fcr Anh\u00e4nger werden immer mit Edelstahlstiften und -Karabiner versehen. Blumenstecker-Perlen sind immer auf Edelstahlst\u00e4ben gearbeitet. Einige Anh\u00e4nger werden mit Papiertag ausgeliefert. Diese fertige ich ebenfalls alle selbst zu Hause im Glaszwergenreich. Bei weiteren Fragen schickt mir gerne eine Email an <a href=\"mailto:glaszwerg@web.de\">glaszwerg@web.de<\/a> .<\/p>\n<p>&nbsp;<\/p>\n","protected":false},"excerpt":{"rendered":"<p>Fliegenpilz zum Stecken als Gl\u00fccksbringer und perfekte Deko f\u00fcr festlichen Tisch ebenso wie f\u00fcr den Fairy-Garden.<\/p>\n","protected":false},"featured_media":4043,"comment_status":"open","ping_status":"closed","template":"","meta":{"_exactmetrics_skip_tracking":false,"_exactmetrics_sitenote_active":false,"_exactmetrics_sitenote_note":"","_exactmetrics_sitenote_category":0},"product_brand":[],"product_cat":[298,249],"product_tag":[516,303,248,250,566],"class_list":{"0":"post-4042","1":"product","2":"type-product","3":"status-publish","4":"has-post-thumbnail","6":"product_cat-fairy-garden","7":"product_cat-fliegenpilz","8":"product_tag-deko","9":"product_tag-fairy-garden","10":"product_tag-fliegenpilz","11":"product_tag-flieppi","12":"product_tag-gluecksbringer","14":"first","15":"instock","16":"shipping-taxable","17":"purchasable","18":"product-type-simple"},"jetpack_sharing_enabled":true,"_links":{"self":[{"href":"https:\/\/glaszwerg.com\/index.php?rest_route=\/wp\/v2\/product\/4042","targetHints":{"allow":["GET"]}}],"collection":[{"href":"https:\/\/glaszwerg.com\/index.php?rest_route=\/wp\/v2\/product"}],"about":[{"href":"https:\/\/glaszwerg.com\/index.php?rest_route=\/wp\/v2\/types\/product"}],"replies":[{"embeddable":true,"href":"https:\/\/glaszwerg.com\/index.php?rest_route=%2Fwp%2Fv2%2Fcomments&post=4042"}],"wp:featuredmedia":[{"embeddable":true,"href":"https:\/\/glaszwerg.com\/index.php?rest_route=\/wp\/v2\/media\/4043"}],"wp:attachment":[{"href":"https:\/\/glaszwerg.com\/index.php?rest_route=%2Fwp%2Fv2%2Fmedia&parent=4042"}],"wp:term":[{"taxonomy":"product_brand","embeddable":true,"href":"https:\/\/glaszwerg.com\/index.php?rest_route=%2Fwp%2Fv2%2Fproduct_brand&post=4042"},{"taxonomy":"product_cat","embeddable":true,"href":"https:\/\/glaszwerg.com\/index.php?rest_route=%2Fwp%2Fv2%2Fproduct_cat&post=4042"},{"taxonomy":"product_tag","embeddable":true,"href":"https:\/\/glaszwerg.com\/index.php?rest_route=%2Fwp%2Fv2%2Fproduct_tag&post=4042"}],"curies":[{"name":"wp","href":"https:\/\/api.w.org\/{rel}","templated":true}]}}