{"id":4495,"date":"2021-01-14T16:42:09","date_gmt":"2021-01-14T16:42:09","guid":{"rendered":"https:\/\/glaszwerg.com\/?post_type=product&#038;p=4495"},"modified":"2025-02-12T20:03:11","modified_gmt":"2025-02-12T20:03:11","slug":"schuh-krabbe","status":"publish","type":"product","link":"https:\/\/glaszwerg.com\/?product=schuh-krabbe","title":{"rendered":"Schuh Krabbe"},"content":{"rendered":"<p>Jedes Jahr ein neues Design f\u00fcr Schn\u00fcrschuhe &#8211; so hab ich mir das vor l\u00e4ngerer Zeit mal vorgenommen. Letztes Jahr war ja nun mal ziemlich verworren alles und da war die Idee zwar schon da, aber in der Ausf\u00fchrung war es noch nicht perfekt. Jetzt bin ich aber zufrieden: Krabby auf dem Schuh &#8211; wie immer alle Perlen sind handgeformt, vor allem aus Murano-Glas hergestellt und im Ofen getempert, um die Spannungen so gering wie m\u00f6glich zu halten.<\/p>\n<p>Und auch bei Krabby bin ich mir ziemlich sicher: weniger ist mehr, also eine Perle pro Schuhpaar reicht &#8211; aber hey! Gibt es einen sch\u00f6neren Grund, um neue Schuhe zu kaufen?<\/p>\n<p>Anmerkung gem. Produktsicherheitsverordnung:<br \/>\nIch fertige jede Glasperle in meinem Atelier selbst. Daf\u00fcr verwende ich italienisches Glas aus Murano und auch deutsches Weichglas aus Lauscha und Reichenbach. Jede Glasperle ist ein Unikat, keine gleicht der anderen, es ist alles Handarbeit. Wenn die Glasperle am Brenner fertig geformt ist, entspannt sie sich im Temperofen. Dadurch verl\u00e4ngert sich die Lebenszeit der Glasperle erheblich. Jede Glasperle wird vor dem Versand im Perlenkanal ges\u00e4ubert und dann weiterverarbeitet. Perlen f\u00fcr Anh\u00e4nger werden immer mit Edelstahlstiften und -Karabiner versehen. Blumenstecker-Perlen sind immer auf Edelstahlst\u00e4ben gearbeitet. Einige Anh\u00e4nger werden mit Papiertag ausgeliefert. Diese fertige ich ebenfalls alle selbst zu Hause im Glaszwergenreich. Bei weiteren Fragen schickt mir gerne eine Email an <a href=\"mailto:glaszwerg@web.de\">glaszwerg@web.de<\/a> .<\/p>\n","protected":false},"excerpt":{"rendered":"<p>Jedes Jahr ein neues Design f\u00fcr Schn\u00fcrschuhe &#8211; so hab ich mir das vor l\u00e4ngerer Zeit mal vorgenommen. Letztes Jahr<\/p>\n","protected":false},"featured_media":4494,"comment_status":"open","ping_status":"closed","template":"","meta":{"_exactmetrics_skip_tracking":false,"_exactmetrics_sitenote_active":false,"_exactmetrics_sitenote_note":"","_exactmetrics_sitenote_category":0},"product_brand":[],"product_cat":[198],"product_tag":[728,331,729,721],"class_list":{"0":"post-4495","1":"product","2":"type-product","3":"status-publish","4":"has-post-thumbnail","6":"product_cat-schuh-schmuck","7":"product_tag-krabbe","8":"product_tag-meerweh","9":"product_tag-moin","10":"product_tag-schuhschmuck","12":"first","13":"instock","14":"shipping-taxable","15":"purchasable","16":"product-type-simple"},"jetpack_sharing_enabled":true,"_links":{"self":[{"href":"https:\/\/glaszwerg.com\/index.php?rest_route=\/wp\/v2\/product\/4495","targetHints":{"allow":["GET"]}}],"collection":[{"href":"https:\/\/glaszwerg.com\/index.php?rest_route=\/wp\/v2\/product"}],"about":[{"href":"https:\/\/glaszwerg.com\/index.php?rest_route=\/wp\/v2\/types\/product"}],"replies":[{"embeddable":true,"href":"https:\/\/glaszwerg.com\/index.php?rest_route=%2Fwp%2Fv2%2Fcomments&post=4495"}],"wp:featuredmedia":[{"embeddable":true,"href":"https:\/\/glaszwerg.com\/index.php?rest_route=\/wp\/v2\/media\/4494"}],"wp:attachment":[{"href":"https:\/\/glaszwerg.com\/index.php?rest_route=%2Fwp%2Fv2%2Fmedia&parent=4495"}],"wp:term":[{"taxonomy":"product_brand","embeddable":true,"href":"https:\/\/glaszwerg.com\/index.php?rest_route=%2Fwp%2Fv2%2Fproduct_brand&post=4495"},{"taxonomy":"product_cat","embeddable":true,"href":"https:\/\/glaszwerg.com\/index.php?rest_route=%2Fwp%2Fv2%2Fproduct_cat&post=4495"},{"taxonomy":"product_tag","embeddable":true,"href":"https:\/\/glaszwerg.com\/index.php?rest_route=%2Fwp%2Fv2%2Fproduct_tag&post=4495"}],"curies":[{"name":"wp","href":"https:\/\/api.w.org\/{rel}","templated":true}]}}