{"id":4557,"date":"2021-02-11T14:18:07","date_gmt":"2021-02-11T14:18:07","guid":{"rendered":"https:\/\/glaszwerg.com\/?post_type=product&#038;p=4557"},"modified":"2025-02-12T20:01:49","modified_gmt":"2025-02-12T20:01:49","slug":"bienchen-oder-kaeferchen-pinselbank","status":"publish","type":"product","link":"https:\/\/glaszwerg.com\/?product=bienchen-oder-kaeferchen-pinselbank","title":{"rendered":"Bienchen oder K\u00e4ferchen Pinselbank"},"content":{"rendered":"<p>Es krabbelt im Fr\u00fchling im Garten. Hier ein Bienchen, da ein K\u00e4ferchen &#8211; also ab an den Kreativtisch und losgemalt. Nat\u00fcrlich soll dann der Pinsel auch gut gebettet sein &#8211; da kann ich aushelfen: Biechen oder K\u00e4ferchen, was darf es sein? Bitte Auswahl am Ende des Bestellvorgangs unter &#8222;Anmerkungen&#8220; angeben.<\/p>\n<p>Eine kleine, feine, bunte Ablage f\u00fcr den guten Lieblingspinsel, sei er ein Aquarell- oder auch einfach ein Wassertankpinsel. Fakt ist, DAMIT rollt er nicht mehr \u00fcbers vielleicht noch feuchte Kunstwerk. Der Pinsel findet seinen festen Platz am \u00fcberf\u00fcllten kreativen Arbeitstisch. Ja, er k\u00f6nnte auch als Messerbank dienen, aber f\u00fcr Pinsel ist er einfach gemacht (und nicht so breit f\u00fcr Messer). Wie alle anderen Perlen vom Glaszwerg auch, sind die Pinselb\u00e4nkchen auch haupts\u00e4chlich aus Muranoglas oder aber auch aus Glas aus Lauscha handgefertigt und immer ein Unikat. Sie k\u00fchlen kontrolliert im Temperofen ab, um perfekt entspannt als kreatives Highlight zu erfreuen.<\/p>\n<p>Anmerkung gem. Produktsicherheitsverordnung:<br \/>\nIch fertige jede Glasperle in meinem Atelier selbst. Daf\u00fcr verwende ich italienisches Glas aus Murano und auch deutsches Weichglas aus Lauscha und Reichenbach. Jede Glasperle ist ein Unikat, keine gleicht der anderen, es ist alles Handarbeit. Wenn die Glasperle am Brenner fertig geformt ist, entspannt sie sich im Temperofen. Dadurch verl\u00e4ngert sich die Lebenszeit der Glasperle erheblich. Jede Glasperle wird vor dem Versand im Perlenkanal ges\u00e4ubert und dann weiterverarbeitet. Perlen f\u00fcr Anh\u00e4nger werden immer mit Edelstahlstiften und -Karabiner versehen. Blumenstecker-Perlen sind immer auf Edelstahlst\u00e4ben gearbeitet. Einige Anh\u00e4nger werden mit Papiertag ausgeliefert. Diese fertige ich ebenfalls alle selbst zu Hause im Glaszwergenreich. Bei weiteren Fragen schickt mir gerne eine Email an <a href=\"mailto:glaszwerg@web.de\">glaszwerg@web.de<\/a> .<\/p>\n","protected":false},"excerpt":{"rendered":"<p>Ein schickes Fr\u00fchlings-Pinselb\u00e4nkchen &#8211; K\u00e4fer oder Bienchen? Was darf es sein?<\/p>\n","protected":false},"featured_media":4554,"comment_status":"open","ping_status":"closed","template":"","meta":{"_exactmetrics_skip_tracking":false,"_exactmetrics_sitenote_active":false,"_exactmetrics_sitenote_note":"","_exactmetrics_sitenote_category":0},"product_brand":[],"product_cat":[295,258],"product_tag":[507,283,713,515,259,714],"class_list":{"0":"post-4557","1":"product","2":"type-product","3":"status-publish","4":"has-post-thumbnail","6":"product_cat-tierisch","7":"product_cat-zubehoer-fuer-lettering-aquarell","8":"product_tag-bienchen","9":"product_tag-biene","10":"product_tag-kaeferchen","11":"product_tag-marienkaefer","12":"product_tag-pinselbank","13":"product_tag-watercolor","15":"first","16":"instock","17":"shipping-taxable","18":"purchasable","19":"product-type-simple"},"jetpack_sharing_enabled":true,"_links":{"self":[{"href":"https:\/\/glaszwerg.com\/index.php?rest_route=\/wp\/v2\/product\/4557","targetHints":{"allow":["GET"]}}],"collection":[{"href":"https:\/\/glaszwerg.com\/index.php?rest_route=\/wp\/v2\/product"}],"about":[{"href":"https:\/\/glaszwerg.com\/index.php?rest_route=\/wp\/v2\/types\/product"}],"replies":[{"embeddable":true,"href":"https:\/\/glaszwerg.com\/index.php?rest_route=%2Fwp%2Fv2%2Fcomments&post=4557"}],"wp:featuredmedia":[{"embeddable":true,"href":"https:\/\/glaszwerg.com\/index.php?rest_route=\/wp\/v2\/media\/4554"}],"wp:attachment":[{"href":"https:\/\/glaszwerg.com\/index.php?rest_route=%2Fwp%2Fv2%2Fmedia&parent=4557"}],"wp:term":[{"taxonomy":"product_brand","embeddable":true,"href":"https:\/\/glaszwerg.com\/index.php?rest_route=%2Fwp%2Fv2%2Fproduct_brand&post=4557"},{"taxonomy":"product_cat","embeddable":true,"href":"https:\/\/glaszwerg.com\/index.php?rest_route=%2Fwp%2Fv2%2Fproduct_cat&post=4557"},{"taxonomy":"product_tag","embeddable":true,"href":"https:\/\/glaszwerg.com\/index.php?rest_route=%2Fwp%2Fv2%2Fproduct_tag&post=4557"}],"curies":[{"name":"wp","href":"https:\/\/api.w.org\/{rel}","templated":true}]}}