{"id":4593,"date":"2021-02-21T10:33:30","date_gmt":"2021-02-21T10:33:30","guid":{"rendered":"https:\/\/glaszwerg.com\/?post_type=product&#038;p=4593"},"modified":"2025-02-12T19:48:30","modified_gmt":"2025-02-12T19:48:30","slug":"schnecken-zum-stecken","status":"publish","type":"product","link":"https:\/\/glaszwerg.com\/?product=schnecken-zum-stecken","title":{"rendered":"Schnecken zum Stecken"},"content":{"rendered":"<p>Eine bunte Schnecke macht sich hervorragend in einem kleinen bunten Blumentopf, aber auch eine Orchidee kann damit geschm\u00fcckt werden. Aber auch im bunt bl\u00fchenden Balkonk\u00e4stchen macht sie auf jeden Fall einen guten Eindruck und weil sie keinen Schaden anrichten, kommt sicher auch gute Laune auf.<\/p>\n<p>Jede Schnecke ist auf einem Edelstahlstab (Fahrradspeiche) gefertigt, somit steht einem Einsatz im freien, auch ohne Regenschutz, nichts im Wege. Die Schnecken fallen alle ein wenig unterschiedlich gro\u00df aus, der Blick kann von dem am Foto abweichen, manche sitzen gerade auf dem Stab, manche ein wenig schr\u00e4g. Das ergibt sich einfach durch die Handarbeit, denn jedes Schneggi fertige ich selbst liebevoll an meinem Brenner in meinem Atelier. Die Schnecken sind aus Murano-Glas gefertigt und werden zum Abk\u00fchlen im Temperofen abgelegt, um Spannungen aus dem Glas zu nehmen. Bei der Bestellung k\u00f6nnen am Ende beim Warenkorb auch Farbw\u00fcnsche \u00fcbermittelt werden.<\/p>\n<p>Anmerkung gem. Produktsicherheitsverordnung:<br \/>\nIch fertige jede Glasperle in meinem Atelier selbst. Daf\u00fcr verwende ich italienisches Glas aus Murano und auch deutsches Weichglas aus Lauscha und Reichenbach. Jede Glasperle ist ein Unikat, keine gleicht der anderen, es ist alles Handarbeit. Wenn die Glasperle am Brenner fertig geformt ist, entspannt sie sich im Temperofen. Dadurch verl\u00e4ngert sich die Lebenszeit der Glasperle erheblich. Jede Glasperle wird vor dem Versand im Perlenkanal ges\u00e4ubert und dann weiterverarbeitet. Perlen f\u00fcr Anh\u00e4nger werden immer mit Edelstahlstiften und -Karabiner versehen. Blumenstecker-Perlen sind immer auf Edelstahlst\u00e4ben gearbeitet. Einige Anh\u00e4nger werden mit Papiertag ausgeliefert. Diese fertige ich ebenfalls alle selbst zu Hause im Glaszwergenreich. Bei weiteren Fragen schickt mir gerne eine Email an <a href=\"mailto:glaszwerg@web.de\">glaszwerg@web.de<\/a> .<\/p>\n","protected":false},"excerpt":{"rendered":"<p>Bunte Schnecke zum Stecken<\/p>\n","protected":false},"featured_media":4591,"comment_status":"open","ping_status":"closed","template":"","meta":{"_exactmetrics_skip_tracking":false,"_exactmetrics_sitenote_active":false,"_exactmetrics_sitenote_note":"","_exactmetrics_sitenote_category":0},"product_brand":[],"product_cat":[294,295],"product_tag":[296,516,736,297],"class_list":{"0":"post-4593","1":"product","2":"type-product","3":"status-publish","4":"has-post-thumbnail","6":"product_cat-blumenstecker","7":"product_cat-tierisch","8":"product_tag-blumenstecker","9":"product_tag-deko","10":"product_tag-schnecke","11":"product_tag-tierisch","13":"first","14":"instock","15":"shipping-taxable","16":"purchasable","17":"product-type-simple"},"jetpack_sharing_enabled":true,"_links":{"self":[{"href":"https:\/\/glaszwerg.com\/index.php?rest_route=\/wp\/v2\/product\/4593","targetHints":{"allow":["GET"]}}],"collection":[{"href":"https:\/\/glaszwerg.com\/index.php?rest_route=\/wp\/v2\/product"}],"about":[{"href":"https:\/\/glaszwerg.com\/index.php?rest_route=\/wp\/v2\/types\/product"}],"replies":[{"embeddable":true,"href":"https:\/\/glaszwerg.com\/index.php?rest_route=%2Fwp%2Fv2%2Fcomments&post=4593"}],"wp:featuredmedia":[{"embeddable":true,"href":"https:\/\/glaszwerg.com\/index.php?rest_route=\/wp\/v2\/media\/4591"}],"wp:attachment":[{"href":"https:\/\/glaszwerg.com\/index.php?rest_route=%2Fwp%2Fv2%2Fmedia&parent=4593"}],"wp:term":[{"taxonomy":"product_brand","embeddable":true,"href":"https:\/\/glaszwerg.com\/index.php?rest_route=%2Fwp%2Fv2%2Fproduct_brand&post=4593"},{"taxonomy":"product_cat","embeddable":true,"href":"https:\/\/glaszwerg.com\/index.php?rest_route=%2Fwp%2Fv2%2Fproduct_cat&post=4593"},{"taxonomy":"product_tag","embeddable":true,"href":"https:\/\/glaszwerg.com\/index.php?rest_route=%2Fwp%2Fv2%2Fproduct_tag&post=4593"}],"curies":[{"name":"wp","href":"https:\/\/api.w.org\/{rel}","templated":true}]}}