{"id":4694,"date":"2021-04-10T14:33:29","date_gmt":"2021-04-10T14:33:29","guid":{"rendered":"https:\/\/glaszwerg.com\/?post_type=product&#038;p=4694"},"modified":"2025-02-12T19:45:16","modified_gmt":"2025-02-12T19:45:16","slug":"freundliches-gemuese","status":"publish","type":"product","link":"https:\/\/glaszwerg.com\/?product=freundliches-gemuese","title":{"rendered":"Freundliches Gem\u00fcse"},"content":{"rendered":"<p>Das junge Gem\u00fcse sprie\u00dft im Beet und man steht r\u00e4tselnd davor, wohin die Reise wohl gehen soll? Was habe ich hier ausgepflanzt? Karotte? Radieschen? Diese beiden waren vor ein paar Tagen mein Problem, daher hatte ich die Idee dazu im Kopf, Pflanzenmarker zu werkeln. Nat\u00fcrlich nur welche von der freundlichen Sorte.<\/p>\n<p>Die beiden Varianten fertige ich an meinem Brenner und danach k\u00fchlen die Glasfiguren kontrolliert im Temperofen ab. So werden Spannungen im Glas auf ein absolutes Minimum reduziert. Farbe, Form und &#8222;Gesichtsausdruck&#8220; k\u00f6nnen variieren, dies ergibt sich zwangsl\u00e4ufig aus der Handarbeit. Jedes Exemplar ist ein Unikat. Sie sind ungef\u00e4hr 1,5 cm\u00a0 bis 2 cm gro\u00df. Auch hier ist es unterschiedlich. Aber fest steht: allzu gro\u00df sind sie tats\u00e4chlich nicht. Die Figuren haben unten eine Lochung k\u00f6nnen auf einen Zahnstocher gesteckt werden, damit sie ordentlich im Beet sitzen k\u00f6nnen.<\/p>\n<p>Anmerkung gem. Produktsicherheitsverordnung:<br \/>\nIch fertige jede Glasperle in meinem Atelier selbst. Daf\u00fcr verwende ich italienisches Glas aus Murano und auch deutsches Weichglas aus Lauscha und Reichenbach. Jede Glasperle ist ein Unikat, keine gleicht der anderen, es ist alles Handarbeit. Wenn die Glasperle am Brenner fertig geformt ist, entspannt sie sich im Temperofen. Dadurch verl\u00e4ngert sich die Lebenszeit der Glasperle erheblich. Jede Glasperle wird vor dem Versand im Perlenkanal ges\u00e4ubert und dann weiterverarbeitet. Perlen f\u00fcr Anh\u00e4nger werden immer mit Edelstahlstiften und -Karabiner versehen. Blumenstecker-Perlen sind immer auf Edelstahlst\u00e4ben gearbeitet. Einige Anh\u00e4nger werden mit Papiertag ausgeliefert. Diese fertige ich ebenfalls alle selbst zu Hause im Glaszwergenreich. Bei weiteren Fragen schickt mir gerne eine Email an <a href=\"mailto:glaszwerg@web.de\">glaszwerg@web.de<\/a> .<\/p>\n","protected":false},"excerpt":{"rendered":"<p>Freundliches Gem\u00fcse f\u00fcr das junge Gem\u00fcse im Glashaus<\/p>\n","protected":false},"featured_media":4692,"comment_status":"open","ping_status":"closed","template":"","meta":{"_exactmetrics_skip_tracking":false,"_exactmetrics_sitenote_active":false,"_exactmetrics_sitenote_note":"","_exactmetrics_sitenote_category":0},"product_brand":[],"product_cat":[294,796,239,312],"product_tag":[303,797,799,798],"class_list":{"0":"post-4694","1":"product","2":"type-product","3":"status-publish","4":"has-post-thumbnail","6":"product_cat-blumenstecker","7":"product_cat-garten","8":"product_cat-glaszwerg","9":"product_cat-kuechenhelfer","10":"product_tag-fairy-garden","11":"product_tag-garten","12":"product_tag-gemuese","13":"product_tag-helfer","15":"first","16":"instock","17":"shipping-taxable","18":"purchasable","19":"product-type-simple"},"jetpack_sharing_enabled":true,"_links":{"self":[{"href":"https:\/\/glaszwerg.com\/index.php?rest_route=\/wp\/v2\/product\/4694","targetHints":{"allow":["GET"]}}],"collection":[{"href":"https:\/\/glaszwerg.com\/index.php?rest_route=\/wp\/v2\/product"}],"about":[{"href":"https:\/\/glaszwerg.com\/index.php?rest_route=\/wp\/v2\/types\/product"}],"replies":[{"embeddable":true,"href":"https:\/\/glaszwerg.com\/index.php?rest_route=%2Fwp%2Fv2%2Fcomments&post=4694"}],"wp:featuredmedia":[{"embeddable":true,"href":"https:\/\/glaszwerg.com\/index.php?rest_route=\/wp\/v2\/media\/4692"}],"wp:attachment":[{"href":"https:\/\/glaszwerg.com\/index.php?rest_route=%2Fwp%2Fv2%2Fmedia&parent=4694"}],"wp:term":[{"taxonomy":"product_brand","embeddable":true,"href":"https:\/\/glaszwerg.com\/index.php?rest_route=%2Fwp%2Fv2%2Fproduct_brand&post=4694"},{"taxonomy":"product_cat","embeddable":true,"href":"https:\/\/glaszwerg.com\/index.php?rest_route=%2Fwp%2Fv2%2Fproduct_cat&post=4694"},{"taxonomy":"product_tag","embeddable":true,"href":"https:\/\/glaszwerg.com\/index.php?rest_route=%2Fwp%2Fv2%2Fproduct_tag&post=4694"}],"curies":[{"name":"wp","href":"https:\/\/api.w.org\/{rel}","templated":true}]}}