{"id":5337,"date":"2022-08-14T16:24:44","date_gmt":"2022-08-14T16:24:44","guid":{"rendered":"https:\/\/glaszwerg.com\/?post_type=product&#038;p=5337"},"modified":"2025-02-12T19:42:46","modified_gmt":"2025-02-12T19:42:46","slug":"deichschuhschaf","status":"publish","type":"product","link":"https:\/\/glaszwerg.com\/?product=deichschuhschaf","title":{"rendered":"DeichSchuhSchaf"},"content":{"rendered":"<p>Wenn es schon einen Wattwurm gibt, ist das DeichSchuhSchaf nicht weit! Ziemlich unscheinbar in dezentem wei\u00df kommt es besonders auf bunten Schuhb\u00e4ndern dann doch ziemlich auff\u00e4llig daher. Schafe leben zwar in Herden aber am Schuh sind sie auch alleine schon ziemlich pr\u00e4sent und ausreichend vertreten.<\/p>\n<p>Falls ein schwarzes DeichSchuhSchaf gew\u00fcnscht sein sollte (schwarze Schafe gibt es ja bekanntlich immer und \u00fcberall&#8230;), bitte in den Kommentaren im Bestellvorgang anmerken oder per Email an glaszwerg@web.de oder Antwort auf die Bestellbest\u00e4tigung oder WhatsAppNachricht gleich nach der Bestellung hinterher &#8222;schie\u00dfen&#8220; &#8211; viele Wege f\u00fchren ins Glaszwergenreich!<\/p>\n<p>Anmerkung gem. Produktsicherheitsverordnung:<br \/>\nIch fertige jede Glasperle in meinem Atelier selbst. Daf\u00fcr verwende ich italienisches Glas aus Murano und auch deutsches Weichglas aus Lauscha und Reichenbach. Jede Glasperle ist ein Unikat, keine gleicht der anderen, es ist alles Handarbeit. Wenn die Glasperle am Brenner fertig geformt ist, entspannt sie sich im Temperofen. Dadurch verl\u00e4ngert sich die Lebenszeit der Glasperle erheblich. Jede Glasperle wird vor dem Versand im Perlenkanal ges\u00e4ubert und dann weiterverarbeitet. Perlen f\u00fcr Anh\u00e4nger werden immer mit Edelstahlstiften und -Karabiner versehen. Blumenstecker-Perlen sind immer auf Edelstahlst\u00e4ben gearbeitet. Einige Anh\u00e4nger werden mit Papiertag ausgeliefert. Diese fertige ich ebenfalls alle selbst zu Hause im Glaszwergenreich. Bei weiteren Fragen schickt mir gerne eine Email an <a href=\"mailto:glaszwerg@web.de\">glaszwerg@web.de<\/a> .<\/p>\n","protected":false},"excerpt":{"rendered":"<p>DeichSchuhSchafe f\u00fcr Nordlichter und Tierliebhaber, die gerne Schn\u00fcrschuhe tragen<\/p>\n","protected":false},"featured_media":5338,"comment_status":"open","ping_status":"closed","template":"","meta":{"_exactmetrics_skip_tracking":false,"_exactmetrics_sitenote_active":false,"_exactmetrics_sitenote_note":"","_exactmetrics_sitenote_category":0},"product_brand":[],"product_cat":[198],"product_tag":[769,768,721,297],"class_list":{"0":"post-5337","1":"product","2":"type-product","3":"status-publish","4":"has-post-thumbnail","6":"product_cat-schuh-schmuck","7":"product_tag-deich","8":"product_tag-schaf","9":"product_tag-schuhschmuck","10":"product_tag-tierisch","12":"first","13":"instock","14":"shipping-taxable","15":"purchasable","16":"product-type-simple"},"jetpack_sharing_enabled":true,"_links":{"self":[{"href":"https:\/\/glaszwerg.com\/index.php?rest_route=\/wp\/v2\/product\/5337","targetHints":{"allow":["GET"]}}],"collection":[{"href":"https:\/\/glaszwerg.com\/index.php?rest_route=\/wp\/v2\/product"}],"about":[{"href":"https:\/\/glaszwerg.com\/index.php?rest_route=\/wp\/v2\/types\/product"}],"replies":[{"embeddable":true,"href":"https:\/\/glaszwerg.com\/index.php?rest_route=%2Fwp%2Fv2%2Fcomments&post=5337"}],"wp:featuredmedia":[{"embeddable":true,"href":"https:\/\/glaszwerg.com\/index.php?rest_route=\/wp\/v2\/media\/5338"}],"wp:attachment":[{"href":"https:\/\/glaszwerg.com\/index.php?rest_route=%2Fwp%2Fv2%2Fmedia&parent=5337"}],"wp:term":[{"taxonomy":"product_brand","embeddable":true,"href":"https:\/\/glaszwerg.com\/index.php?rest_route=%2Fwp%2Fv2%2Fproduct_brand&post=5337"},{"taxonomy":"product_cat","embeddable":true,"href":"https:\/\/glaszwerg.com\/index.php?rest_route=%2Fwp%2Fv2%2Fproduct_cat&post=5337"},{"taxonomy":"product_tag","embeddable":true,"href":"https:\/\/glaszwerg.com\/index.php?rest_route=%2Fwp%2Fv2%2Fproduct_tag&post=5337"}],"curies":[{"name":"wp","href":"https:\/\/api.w.org\/{rel}","templated":true}]}}