{"id":5412,"date":"2022-11-04T14:50:06","date_gmt":"2022-11-04T14:50:06","guid":{"rendered":"https:\/\/glaszwerg.com\/?post_type=product&#038;p=5412"},"modified":"2025-02-12T19:32:55","modified_gmt":"2025-02-12T19:32:55","slug":"bieroeffner","status":"publish","type":"product","link":"https:\/\/glaszwerg.com\/?product=bieroeffner","title":{"rendered":"Bier\u00f6ffner"},"content":{"rendered":"<p>Das perfekte Geschenk f\u00fcr M\u00e4nner! Endlich auch mal beim Glaszwerg&#8230; ein kleines Bierglas &#8211; auf Wunsch kann ich euch auch dunkles Bier &#8222;ausschenken&#8220; &#8211; baumelt an einem Edelstahl-Bier\u00f6ffner. Klein, fein, originell.<\/p>\n<p>Anmerkung gem. Produktsicherheitsverordnung:<br \/>\nIch fertige jede Glasperle in meinem Atelier selbst. Daf\u00fcr verwende ich italienisches Glas aus Murano und auch deutsches Weichglas aus Lauscha und Reichenbach. Jede Glasperle ist ein Unikat, keine gleicht der anderen, es ist alles Handarbeit. Wenn die Glasperle am Brenner fertig geformt ist, entspannt sie sich im Temperofen. Dadurch verl\u00e4ngert sich die Lebenszeit der Glasperle erheblich. Jede Glasperle wird vor dem Versand im Perlenkanal ges\u00e4ubert und dann weiterverarbeitet. Perlen f\u00fcr Anh\u00e4nger werden immer mit Edelstahlstiften und -Karabiner versehen. Blumenstecker-Perlen sind immer auf Edelstahlst\u00e4ben gearbeitet. Bei weiteren Fragen schickt mir gerne eine Email an <a href=\"mailto:glaszwerg@web.de\">glaszwerg@web.de<\/a> .<\/p>\n","protected":false},"excerpt":{"rendered":"<p>Das perfekte Geschenk f\u00fcr M\u00e4nner! Endlich auch mal beim Glaszwerg&#8230; ein kleines Bierglas &#8211; auf Wunsch kann ich euch auch<\/p>\n","protected":false},"featured_media":5414,"comment_status":"open","ping_status":"closed","template":"","meta":{"_exactmetrics_skip_tracking":false,"_exactmetrics_sitenote_active":false,"_exactmetrics_sitenote_note":"","_exactmetrics_sitenote_category":0},"product_brand":[],"product_cat":[604],"product_tag":[605,985,984],"class_list":{"0":"post-5412","1":"product","2":"type-product","3":"status-publish","4":"has-post-thumbnail","6":"product_cat-geschenk","7":"product_tag-geschenk","8":"product_tag-kleine-mitbringsel","9":"product_tag-maenner","11":"first","12":"instock","13":"shipping-taxable","14":"purchasable","15":"product-type-simple"},"jetpack_sharing_enabled":true,"_links":{"self":[{"href":"https:\/\/glaszwerg.com\/index.php?rest_route=\/wp\/v2\/product\/5412","targetHints":{"allow":["GET"]}}],"collection":[{"href":"https:\/\/glaszwerg.com\/index.php?rest_route=\/wp\/v2\/product"}],"about":[{"href":"https:\/\/glaszwerg.com\/index.php?rest_route=\/wp\/v2\/types\/product"}],"replies":[{"embeddable":true,"href":"https:\/\/glaszwerg.com\/index.php?rest_route=%2Fwp%2Fv2%2Fcomments&post=5412"}],"wp:featuredmedia":[{"embeddable":true,"href":"https:\/\/glaszwerg.com\/index.php?rest_route=\/wp\/v2\/media\/5414"}],"wp:attachment":[{"href":"https:\/\/glaszwerg.com\/index.php?rest_route=%2Fwp%2Fv2%2Fmedia&parent=5412"}],"wp:term":[{"taxonomy":"product_brand","embeddable":true,"href":"https:\/\/glaszwerg.com\/index.php?rest_route=%2Fwp%2Fv2%2Fproduct_brand&post=5412"},{"taxonomy":"product_cat","embeddable":true,"href":"https:\/\/glaszwerg.com\/index.php?rest_route=%2Fwp%2Fv2%2Fproduct_cat&post=5412"},{"taxonomy":"product_tag","embeddable":true,"href":"https:\/\/glaszwerg.com\/index.php?rest_route=%2Fwp%2Fv2%2Fproduct_tag&post=5412"}],"curies":[{"name":"wp","href":"https:\/\/api.w.org\/{rel}","templated":true}]}}