{"id":5469,"date":"2023-01-19T08:45:55","date_gmt":"2023-01-19T08:45:55","guid":{"rendered":"https:\/\/glaszwerg.com\/?post_type=product&#038;p=5469"},"modified":"2025-02-12T19:39:08","modified_gmt":"2025-02-12T19:39:08","slug":"gluecksschweinchen-als-anhaenger","status":"publish","type":"product","link":"https:\/\/glaszwerg.com\/?product=gluecksschweinchen-als-anhaenger","title":{"rendered":"Gl\u00fccksschweinchen als Anh\u00e4nger"},"content":{"rendered":"<p>Schwein gehabt! Nachdem ihr immer wieder danach gefragt habt, werden nun auch die kleinen Gl\u00fccksschweinchen aus dem Glaszwergenreich hochoffiziell in den Shop aufgenommen.<\/p>\n<p>Die Schweinchen stelle ich an meinem Brenner im Glaszwergenreich her. Daf\u00fcr verwende ich haupts\u00e4chlich Murano-Glas. Jedes Schweinchen wird mit einem Edelstahlstift und Edelstahlkarabiner in einen Anh\u00e4nger verwandelt.<\/p>\n<p>Komplett ist das Anh\u00e4nger-Schweinchen mit einem Papier-Tag, selbstgemacht, selbst gestempelt. Es kann hie und da auch zu einer l\u00e4ngeren Lieferzeit kommen, da alles erst angefertigt werden muss, daher bitte gerne eine Nachricht im Bestellvorgang schreiben, wenn ein bestimmter Lieferzeitpunkt gew\u00fcnscht ist. Ich versuche alles m\u00f6glich zu machen, nur f\u00fcr die Versanddauer kann dann keine Garantie mehr \u00fcbernehmen.<\/p>\n<p>Anmerkung gem. Produktsicherheitsverordnung:<br \/>\nIch fertige jede Glasperle in meinem Atelier selbst. Daf\u00fcr verwende ich italienisches Glas aus Murano und auch deutsches Weichglas aus Lauscha und Reichenbach. Jede Glasperle ist ein Unikat, keine gleicht der anderen, es ist alles Handarbeit. Wenn die Glasperle am Brenner fertig geformt ist, entspannt sie sich im Temperofen. Dadurch verl\u00e4ngert sich die Lebenszeit der Glasperle erheblich. Jede Glasperle wird vor dem Versand im Perlenkanal ges\u00e4ubert und dann weiterverarbeitet. Perlen f\u00fcr Anh\u00e4nger werden immer mit Edelstahlstiften und -Karabiner versehen. Blumenstecker-Perlen sind immer auf Edelstahlst\u00e4ben gearbeitet. Einige Anh\u00e4nger werden mit Papiertag ausgeliefert. Diese fertige ich ebenfalls alle selbst zu Hause im Glaszwergenreich. Bei weiteren Fragen schickt mir gerne eine Email an <a href=\"mailto:glaszwerg@web.de\">glaszwerg@web.de<\/a> .<\/p>\n","protected":false},"excerpt":{"rendered":"<p>Gl\u00fccksschweinchen mit Karabiner<\/p>\n","protected":false},"featured_media":5471,"comment_status":"open","ping_status":"closed","template":"","meta":{"_exactmetrics_skip_tracking":false,"_exactmetrics_sitenote_active":false,"_exactmetrics_sitenote_note":"","_exactmetrics_sitenote_category":0},"product_brand":[],"product_cat":[285,604,295],"product_tag":[286,566,996,995],"class_list":{"0":"post-5469","1":"product","2":"type-product","3":"status-publish","4":"has-post-thumbnail","6":"product_cat-anhaenger","7":"product_cat-geschenk","8":"product_cat-tierisch","9":"product_tag-anhaenger","10":"product_tag-gluecksbringer","11":"product_tag-gluecksschwein","12":"product_tag-schweinchen","14":"first","15":"instock","16":"shipping-taxable","17":"purchasable","18":"product-type-simple"},"jetpack_sharing_enabled":true,"_links":{"self":[{"href":"https:\/\/glaszwerg.com\/index.php?rest_route=\/wp\/v2\/product\/5469","targetHints":{"allow":["GET"]}}],"collection":[{"href":"https:\/\/glaszwerg.com\/index.php?rest_route=\/wp\/v2\/product"}],"about":[{"href":"https:\/\/glaszwerg.com\/index.php?rest_route=\/wp\/v2\/types\/product"}],"replies":[{"embeddable":true,"href":"https:\/\/glaszwerg.com\/index.php?rest_route=%2Fwp%2Fv2%2Fcomments&post=5469"}],"wp:featuredmedia":[{"embeddable":true,"href":"https:\/\/glaszwerg.com\/index.php?rest_route=\/wp\/v2\/media\/5471"}],"wp:attachment":[{"href":"https:\/\/glaszwerg.com\/index.php?rest_route=%2Fwp%2Fv2%2Fmedia&parent=5469"}],"wp:term":[{"taxonomy":"product_brand","embeddable":true,"href":"https:\/\/glaszwerg.com\/index.php?rest_route=%2Fwp%2Fv2%2Fproduct_brand&post=5469"},{"taxonomy":"product_cat","embeddable":true,"href":"https:\/\/glaszwerg.com\/index.php?rest_route=%2Fwp%2Fv2%2Fproduct_cat&post=5469"},{"taxonomy":"product_tag","embeddable":true,"href":"https:\/\/glaszwerg.com\/index.php?rest_route=%2Fwp%2Fv2%2Fproduct_tag&post=5469"}],"curies":[{"name":"wp","href":"https:\/\/api.w.org\/{rel}","templated":true}]}}