{"id":6200,"date":"2025-02-23T20:38:18","date_gmt":"2025-02-23T20:38:18","guid":{"rendered":"https:\/\/glaszwerg.com\/?post_type=product&#038;p=6200"},"modified":"2025-02-23T20:38:19","modified_gmt":"2025-02-23T20:38:19","slug":"freches-huhn","status":"publish","type":"product","link":"https:\/\/glaszwerg.com\/?product=freches-huhn","title":{"rendered":"Freches Huhn"},"content":{"rendered":"<p>Bunt und frech kommen die kleinen H\u00fchnchen daher. Sie sind ungef\u00e4hr 2 cm im Durchmesser und in der H\u00f6he rund 3 cm. Jedes bunte H\u00fchnchen ist handgemacht und daher sind auch die Farbkombinationen immer variabel, je nachdem welches Glas gerade am schnellsten am Arbeitstisch zu greifen ist. Wenn ich euch ganz besondere Farbkombinationen erf\u00fcllen darf, schreibt mir das bitte im Kommentarfeld beim Bestellabschluss gerne dazu. Auf jeden Fall dazu gibt es das kleine Terrakotta-T\u00f6pfchen mit ein wenig Moos, damit die Deko gleich sofort fertig auf den (Oster)Tisch gestellt werden kann.<\/p>\n<p>Anmerkung gem. Produktsicherheitsverordnung:<br \/>\nIch fertige jede Glasperle in meinem Atelier selbst. Daf\u00fcr verwende ich italienisches Glas aus Murano und auch deutsches Weichglas aus Lauscha und Reichenbach. Jede Glasperle ist ein Unikat, keine gleicht der anderen, es ist alles Handarbeit. Wenn die Glasperle am Brenner fertig geformt ist, entspannt sie sich im Temperofen. Dadurch verl\u00e4ngert sich die Lebenszeit der Glasperle erheblich. Jede Glasperle wird vor dem Versand im Perlenkanal ges\u00e4ubert und dann weiterverarbeitet. Perlen f\u00fcr Anh\u00e4nger werden immer mit Edelstahlstiften und -Karabiner versehen. Blumenstecker-Perlen sind immer auf Edelstahlst\u00e4ben gearbeitet. Einige Anh\u00e4nger werden mit Papiertag ausgeliefert. Diese fertige ich ebenfalls alle selbst zu Hause im Glaszwergenreich. Bei weiteren Fragen schickt mir gerne eine Email an\u00a0<a href=\"mailto:glaszwerg@web.de\">glaszwerg@web.de<\/a>\u00a0.<\/p>\n","protected":false},"excerpt":{"rendered":"<p>Freches Huhn im kleinen Terrakotta-Topf<\/p>\n","protected":false},"featured_media":6197,"comment_status":"open","ping_status":"closed","template":"","meta":{"_exactmetrics_skip_tracking":false,"_exactmetrics_sitenote_active":false,"_exactmetrics_sitenote_note":"","_exactmetrics_sitenote_category":0},"product_brand":[],"product_cat":[298,240,295],"product_tag":[516,1115,888],"class_list":{"0":"post-6200","1":"product","2":"type-product","3":"status-publish","4":"has-post-thumbnail","6":"product_cat-fairy-garden","7":"product_cat-schreibtischwaechter","8":"product_cat-tierisch","9":"product_tag-deko","10":"product_tag-ostern","11":"product_tag-tischdeko","13":"first","14":"instock","15":"shipping-taxable","16":"purchasable","17":"product-type-simple"},"jetpack_sharing_enabled":true,"_links":{"self":[{"href":"https:\/\/glaszwerg.com\/index.php?rest_route=\/wp\/v2\/product\/6200","targetHints":{"allow":["GET"]}}],"collection":[{"href":"https:\/\/glaszwerg.com\/index.php?rest_route=\/wp\/v2\/product"}],"about":[{"href":"https:\/\/glaszwerg.com\/index.php?rest_route=\/wp\/v2\/types\/product"}],"replies":[{"embeddable":true,"href":"https:\/\/glaszwerg.com\/index.php?rest_route=%2Fwp%2Fv2%2Fcomments&post=6200"}],"wp:featuredmedia":[{"embeddable":true,"href":"https:\/\/glaszwerg.com\/index.php?rest_route=\/wp\/v2\/media\/6197"}],"wp:attachment":[{"href":"https:\/\/glaszwerg.com\/index.php?rest_route=%2Fwp%2Fv2%2Fmedia&parent=6200"}],"wp:term":[{"taxonomy":"product_brand","embeddable":true,"href":"https:\/\/glaszwerg.com\/index.php?rest_route=%2Fwp%2Fv2%2Fproduct_brand&post=6200"},{"taxonomy":"product_cat","embeddable":true,"href":"https:\/\/glaszwerg.com\/index.php?rest_route=%2Fwp%2Fv2%2Fproduct_cat&post=6200"},{"taxonomy":"product_tag","embeddable":true,"href":"https:\/\/glaszwerg.com\/index.php?rest_route=%2Fwp%2Fv2%2Fproduct_tag&post=6200"}],"curies":[{"name":"wp","href":"https:\/\/api.w.org\/{rel}","templated":true}]}}