{"id":922,"date":"2019-12-30T17:32:05","date_gmt":"2019-12-30T17:32:05","guid":{"rendered":"https:\/\/glaszwerg.com\/?post_type=product&#038;p=922"},"modified":"2025-02-12T21:53:03","modified_gmt":"2025-02-12T21:53:03","slug":"wichtel","status":"publish","type":"product","link":"https:\/\/glaszwerg.com\/?product=wichtel","title":{"rendered":"Wichtel"},"content":{"rendered":"<p>Die kleinen Zwerge mit der gro\u00dfen Nase bringen Sie zum Schmunzeln. Sie k\u00f6nnen als Baumler perfekte Begleiter f\u00fcr Schl\u00fcssel sein oder auch an Ketten mit Ihnen durch die Welt wandeln. Auf jeden Fall machen sie gute Laune!<\/p>\n<p>Die kleinen Wichtel baumeln an einem Karabiner, denn sie reisen auch gerne \u00fcberall hin mit! Gerne kann ich auch Wichtel zum Hinstellen fertigen &#8211; wo liegt der Unterschied? Zier-Wichtel haben oben keine Lochung \ud83d\ude09 Bitte bei der Bestellung einen Farbwunsch und die gew\u00fcnschte Ausf\u00fchrung\u00a0 angeben!<\/p>\n<p>Anmerkung gem. Produktsicherheitsverordnung:<br \/>\nIch fertige jede Glasperle in meinem Atelier selbst. Daf\u00fcr verwende ich italienisches Glas aus Murano und auch deutsches Weichglas aus Lauscha und Reichenbach. Jede Glasperle ist ein Unikat, keine gleicht der anderen, es ist alles Handarbeit. Wenn die Glasperle am Brenner fertig geformt ist, entspannt sie sich im Temperofen. Dadurch verl\u00e4ngert sich die Lebenszeit der Glasperle erheblich. Jede Glasperle wird vor dem Versand im Perlenkanal ges\u00e4ubert und dann weiterverarbeitet. Perlen f\u00fcr Anh\u00e4nger werden immer mit Edelstahlstiften und -Karabiner versehen. Blumenstecker-Perlen sind immer auf Edelstahlst\u00e4ben gearbeitet. Einige Anh\u00e4nger werden mit Papiertag ausgeliefert. Diese fertige ich ebenfalls alle selbst zu Hause im Glaszwergenreich. Bei weiteren Fragen schickt mir gerne eine Email an <a href=\"mailto:glaszwerg@web.de\">glaszwerg@web.de<\/a> .<\/p>\n","protected":false},"excerpt":{"rendered":"<p>Die kleinen Zwerge mit der gro\u00dfen Nase bringen Sie zum Schmunzeln. Sie k\u00f6nnen als Baumler perfekte Begleiter f\u00fcr Schl\u00fcssel sein<\/p>\n","protected":false},"featured_media":227,"comment_status":"open","ping_status":"closed","template":"","meta":{"_exactmetrics_skip_tracking":false,"_exactmetrics_sitenote_active":false,"_exactmetrics_sitenote_note":"","_exactmetrics_sitenote_category":0},"product_brand":[],"product_cat":[239,240],"product_tag":[245,242,244,243,241],"class_list":{"0":"post-922","1":"product","2":"type-product","3":"status-publish","4":"has-post-thumbnail","6":"product_cat-glaszwerg","7":"product_cat-schreibtischwaechter","8":"product_tag-glaszfigur","9":"product_tag-glaszwerg","10":"product_tag-schreibtischwaechter","11":"product_tag-wichtel","12":"product_tag-zwerg","14":"first","15":"instock","16":"shipping-taxable","17":"purchasable","18":"product-type-simple"},"jetpack_sharing_enabled":true,"_links":{"self":[{"href":"https:\/\/glaszwerg.com\/index.php?rest_route=\/wp\/v2\/product\/922","targetHints":{"allow":["GET"]}}],"collection":[{"href":"https:\/\/glaszwerg.com\/index.php?rest_route=\/wp\/v2\/product"}],"about":[{"href":"https:\/\/glaszwerg.com\/index.php?rest_route=\/wp\/v2\/types\/product"}],"replies":[{"embeddable":true,"href":"https:\/\/glaszwerg.com\/index.php?rest_route=%2Fwp%2Fv2%2Fcomments&post=922"}],"wp:featuredmedia":[{"embeddable":true,"href":"https:\/\/glaszwerg.com\/index.php?rest_route=\/wp\/v2\/media\/227"}],"wp:attachment":[{"href":"https:\/\/glaszwerg.com\/index.php?rest_route=%2Fwp%2Fv2%2Fmedia&parent=922"}],"wp:term":[{"taxonomy":"product_brand","embeddable":true,"href":"https:\/\/glaszwerg.com\/index.php?rest_route=%2Fwp%2Fv2%2Fproduct_brand&post=922"},{"taxonomy":"product_cat","embeddable":true,"href":"https:\/\/glaszwerg.com\/index.php?rest_route=%2Fwp%2Fv2%2Fproduct_cat&post=922"},{"taxonomy":"product_tag","embeddable":true,"href":"https:\/\/glaszwerg.com\/index.php?rest_route=%2Fwp%2Fv2%2Fproduct_tag&post=922"}],"curies":[{"name":"wp","href":"https:\/\/api.w.org\/{rel}","templated":true}]}}